{"id":2235,"date":"2025-01-03T15:19:47","date_gmt":"2025-01-03T14:19:47","guid":{"rendered":"https:\/\/andorrataxileandro.com\/?page_id=2235"},"modified":"2025-01-03T15:35:14","modified_gmt":"2025-01-03T14:35:14","slug":"politica-de-privacidad","status":"publish","type":"page","link":"https:\/\/andorrataxileandro.com\/ru\/politica-de-privacidad\/","title":{"rendered":"\u041f\u043e\u043b\u0438\u0442\u0438\u043a\u0430 \u043a\u043e\u043d\u0444\u0438\u0434\u0435\u043d\u0446\u0438\u0430\u043b\u044c\u043d\u043e\u0441\u0442\u0438"},"content":{"rendered":"<div data-elementor-type=\"wp-page\" data-elementor-id=\"2235\" class=\"elementor elementor-2235\" data-elementor-post-type=\"page\">\n\t\t\t\t<div class=\"elementor-element elementor-element-e885a87 e-flex e-con-boxed e-con e-parent\" data-id=\"e885a87\" data-element_type=\"container\" data-settings=\"{&quot;background_background&quot;:&quot;classic&quot;}\">\n\t\t\t\t\t<div class=\"e-con-inner\">\n\t\t\t\t<div class=\"elementor-element elementor-element-aff1d50 elementor-widget elementor-widget-heading\" data-id=\"aff1d50\" data-element_type=\"widget\" data-widget_type=\"heading.default\">\n\t\t\t\t<div class=\"elementor-widget-container\">\n\t\t\t\t\t<h1 class=\"elementor-heading-title elementor-size-default\">\u041f\u043e\u043b\u0438\u0442\u0438\u043a\u0430 \u043a\u043e\u043d\u0444\u0438\u0434\u0435\u043d\u0446\u0438\u0430\u043b\u044c\u043d\u043e\u0441\u0442\u0438<\/h1>\t\t\t\t<\/div>\n\t\t\t\t<\/div>\n\t\t\t\t\t<\/div>\n\t\t\t\t<\/div>\n\t\t<div class=\"elementor-element elementor-element-c2fb7fd animated-slow e-flex e-con-boxed elementor-invisible e-con e-parent\" data-id=\"c2fb7fd\" data-element_type=\"container\" data-settings=\"{&quot;animation&quot;:&quot;fadeIn&quot;,&quot;animation_delay&quot;:300}\">\n\t\t\t\t\t<div class=\"e-con-inner\">\n\t\t<div class=\"elementor-element elementor-element-03b2fd3 e-con-full e-flex e-con e-child\" data-id=\"03b2fd3\" data-element_type=\"container\">\n\t\t\t\t<div class=\"elementor-element elementor-element-314678a elementor-widget elementor-widget-heading\" data-id=\"314678a\" data-element_type=\"widget\" data-widget_type=\"heading.default\">\n\t\t\t\t<div class=\"elementor-widget-container\">\n\t\t\t\t\t<h1 class=\"elementor-heading-title elementor-size-default\">\u041f\u043e\u043b\u0438\u0442\u0438\u043a\u0430 \u043a\u043e\u043d\u0444\u0438\u0434\u0435\u043d\u0446\u0438\u0430\u043b\u044c\u043d\u043e\u0441\u0442\u0438 | \u0422\u0430\u043a\u0441\u0438 \u041b\u0435\u0430\u043d\u0434\u0440\u043e<\/h1>\t\t\t\t<\/div>\n\t\t\t\t<\/div>\n\t\t\t\t<div class=\"elementor-element elementor-element-9e29eaa elementor-widget elementor-widget-spacer\" data-id=\"9e29eaa\" data-element_type=\"widget\" data-widget_type=\"spacer.default\">\n\t\t\t\t<div class=\"elementor-widget-container\">\n\t\t\t\t\t\t\t<div class=\"elementor-spacer\">\n\t\t\t<div class=\"elementor-spacer-inner\"><\/div>\n\t\t<\/div>\n\t\t\t\t\t\t<\/div>\n\t\t\t\t<\/div>\n\t\t\t\t<div class=\"elementor-element elementor-element-b9dcd94 elementor-widget elementor-widget-text-editor\" data-id=\"b9dcd94\" data-element_type=\"widget\" data-widget_type=\"text-editor.default\">\n\t\t\t\t<div class=\"elementor-widget-container\">\n\t\t\t\t\t\t\t\t\t<p class=\"p1\"><span style=\"color: #000000;\">\u041a\u043e\u043c\u043f\u0430\u043d\u0438\u044f Taxi Leandro \u0446\u0435\u043d\u0438\u0442 \u0432\u0430\u0448\u0443 \u043a\u043e\u043d\u0444\u0438\u0434\u0435\u043d\u0446\u0438\u0430\u043b\u044c\u043d\u043e\u0441\u0442\u044c \u0438 \u043e\u0431\u044f\u0437\u0443\u0435\u0442\u0441\u044f \u0437\u0430\u0449\u0438\u0449\u0430\u0442\u044c \u0432\u0430\u0448\u0438 \u043f\u0435\u0440\u0441\u043e\u043d\u0430\u043b\u044c\u043d\u044b\u0435 \u0434\u0430\u043d\u043d\u044b\u0435 \u0432 \u0441\u043e\u043e\u0442\u0432\u0435\u0442\u0441\u0442\u0432\u0438\u0438 \u0441 \u041e\u0431\u0449\u0438\u043c \u0440\u0435\u0433\u043b\u0430\u043c\u0435\u043d\u0442\u043e\u043c \u043f\u043e \u0437\u0430\u0449\u0438\u0442\u0435 \u0434\u0430\u043d\u043d\u044b\u0445 (GDPR).<\/span><\/p><p class=\"p2\"><span style=\"color: #000000;\">1.<b>\u041a\u043e\u043d\u0442\u0440\u043e\u043b\u043b\u0435\u0440 \u0434\u0430\u043d\u043d\u044b\u0445<\/b>:<\/span><\/p><p class=\"p1\"><span style=\"color: #000000;\">\u0422\u0430\u043a\u0441\u0438 \u041b\u0435\u0430\u043d\u0434\u0440\u043e.<\/span><\/p><p class=\"p2\"><span style=\"color: #000000;\">2.<b>\u0421\u043e\u0431\u0440\u0430\u043d\u043d\u044b\u0435 \u0434\u0430\u043d\u043d\u044b\u0435<\/b>:<\/span><\/p><p class=\"p1\"><span style=\"color: #000000;\">\u0418\u043c\u044f, \u044d\u043b\u0435\u043a\u0442\u0440\u043e\u043d\u043d\u0430\u044f \u043f\u043e\u0447\u0442\u0430, \u0442\u0435\u043b\u0435\u0444\u043e\u043d, \u043c\u0435\u0441\u0442\u043e\u043f\u043e\u043b\u043e\u0436\u0435\u043d\u0438\u0435 \u0438 \u043f\u043e\u0434\u0440\u043e\u0431\u043d\u043e\u0441\u0442\u0438 \u0437\u0430\u043f\u0440\u0430\u0448\u0438\u0432\u0430\u0435\u043c\u043e\u0439 \u0443\u0441\u043b\u0443\u0433\u0438.<\/span><\/p><p class=\"p2\"><span style=\"color: #000000;\">3.<b>\u0426\u0435\u043b\u044c \u043e\u0431\u0440\u0430\u0431\u043e\u0442\u043a\u0438<\/b>:<\/span><\/p><p class=\"p3\"><span style=\"color: #000000;\">-\u0423\u043f\u0440\u0430\u0432\u043b\u0435\u043d\u0438\u0435 \u0437\u0430\u043a\u0430\u0437\u0430\u043c\u0438 \u0438 \u0437\u0430\u044f\u0432\u043a\u0430\u043c\u0438.<\/span><\/p><p class=\"p3\"><span style=\"color: #000000;\">-\u041e\u0442\u043f\u0440\u0430\u0432\u043a\u0430 \u043f\u043e\u0434\u0442\u0432\u0435\u0440\u0436\u0434\u0435\u043d\u0438\u0439 \u0438 \u0441\u043e\u043e\u0431\u0449\u0435\u043d\u0438\u0439, \u0441\u0432\u044f\u0437\u0430\u043d\u043d\u044b\u0445 \u0441 \u0443\u0441\u043b\u0443\u0433\u0430\u043c\u0438.<\/span><\/p><p class=\"p2\"><span style=\"color: #000000;\">4.<b>\u041f\u0440\u0430\u0432\u043e\u0432\u0430\u044f \u043e\u0441\u043d\u043e\u0432\u0430<\/b>:<\/span><\/p><p class=\"p1\"><span style=\"color: #000000;\">\u042f\u0432\u043d\u043e\u0435 \u0441\u043e\u0433\u043b\u0430\u0441\u0438\u0435 \u043f\u0440\u0438 \u043e\u0442\u043f\u0440\u0430\u0432\u043a\u0435 \u0444\u043e\u0440\u043c\u044b \u0438\u043b\u0438 \u0438\u0441\u043f\u043e\u043b\u044c\u0437\u043e\u0432\u0430\u043d\u0438\u0438 WhatsApp.<\/span><\/p><p class=\"p2\"><span style=\"color: #000000;\">5.<b>\u041f\u0440\u0430\u0432\u0430 \u043f\u043e\u043b\u044c\u0437\u043e\u0432\u0430\u0442\u0435\u043b\u044f<\/b>:<\/span><\/p><p class=\"p1\"><span style=\"color: #000000;\">\u0414\u043e\u0441\u0442\u0443\u043f, \u0438\u0441\u043f\u0440\u0430\u0432\u043b\u0435\u043d\u0438\u0435, \u0443\u0434\u0430\u043b\u0435\u043d\u0438\u0435, \u043f\u0435\u0440\u0435\u043d\u043e\u0441\u0438\u043c\u043e\u0441\u0442\u044c \u0438 \u043d\u0435\u0441\u043e\u0433\u043b\u0430\u0441\u0438\u0435.<\/span><\/p><p class=\"p1\"><span style=\"color: #000000;\">\u0421\u0432\u044f\u0436\u0438\u0442\u0435\u0441\u044c \u0441 \u0422\u0430\u043a\u0441\u0438 \u041b\u0435\u0430\u043d\u0434\u0440\u043e.<\/span><\/p><p class=\"p2\"><span style=\"color: #000000;\">6.<b>\u0412\u0440\u0435\u043c\u044f \u043a\u043e\u043d\u0441\u0435\u0440\u0432\u0430\u0446\u0438\u0438<\/b>:<\/span><\/p><p class=\"p1\"><span style=\"color: #000000;\">\u0414\u0430\u043d\u043d\u044b\u0435 \u0431\u0443\u0434\u0443\u0442 \u0445\u0440\u0430\u043d\u0438\u0442\u044c\u0441\u044f \u0441\u0442\u043e\u043b\u044c\u043a\u043e, \u0441\u043a\u043e\u043b\u044c\u043a\u043e \u043d\u0435\u043e\u0431\u0445\u043e\u0434\u0438\u043c\u043e \u0434\u043b\u044f \u0443\u043a\u0430\u0437\u0430\u043d\u043d\u044b\u0445 \u0446\u0435\u043b\u0435\u0439.<\/span><\/p><p class=\"p2\"><span style=\"color: #000000;\">7.<b>\u0418\u0441\u043f\u043e\u043b\u044c\u0437\u043e\u0432\u0430\u043d\u0438\u0435 \u0442\u0440\u0435\u0442\u044c\u0438\u0445 \u043b\u0438\u0446<\/b>:<\/span><\/p><p class=\"p1\"><span style=\"color: #000000;\">WhatsApp Business \u0438 \u043f\u043b\u0430\u0442\u0444\u043e\u0440\u043c\u044b \u044d\u043b\u0435\u043a\u0442\u0440\u043e\u043d\u043d\u043e\u0439 \u043f\u043e\u0447\u0442\u044b \u0432 \u0441\u043e\u043e\u0442\u0432\u0435\u0442\u0441\u0442\u0432\u0438\u0438 \u0441 GDPR.<\/span><\/p>\t\t\t\t\t\t\t\t<\/div>\n\t\t\t\t<\/div>\n\t\t\t\t<\/div>\n\t\t\t\t\t<\/div>\n\t\t\t\t<\/div>\n\t\t\t\t<\/div>","protected":false},"excerpt":{"rendered":"<p>Pol\u00edtica de Privacidad Pol\u00edtica de Privacidad | Taxi Leandro En Taxi Leandro, valoramos su privacidad y nos comprometemos a proteger sus datos personales conforme al Reglamento General de Protecci\u00f3n de Datos (RGPD). 1.Responsable del Tratamiento: Taxi Leandro. 2.Datos Recopilados: Nombre, email, tel\u00e9fono, ubicaci\u00f3n y detalles del servicio solicitado. 3.Finalidad del Tratamiento: \u2022Gestionar reservas y solicitudes. [&hellip;]<\/p>","protected":false},"author":1,"featured_media":0,"parent":0,"menu_order":0,"comment_status":"closed","ping_status":"closed","template":"tpl-default-elementor.php","meta":{"_joinchat":[],"footnotes":""},"class_list":["post-2235","page","type-page","status-publish","hentry"],"yoast_head":"<!-- This site is optimized with the Yoast SEO plugin v26.7 - https:\/\/yoast.com\/wordpress\/plugins\/seo\/ -->\n<title>Pol\u00edtica de Privacidad - Taxi Leandro<\/title>\n<meta name=\"robots\" content=\"index, follow, max-snippet:-1, max-image-preview:large, max-video-preview:-1\" \/>\n<link rel=\"canonical\" href=\"https:\/\/andorrataxileandro.com\/ru\/politica-de-privacidad\/\" \/>\n<meta property=\"og:locale\" content=\"ru_RU\" \/>\n<meta property=\"og:type\" content=\"article\" \/>\n<meta property=\"og:title\" content=\"Pol\u00edtica de Privacidad - Taxi Leandro\" \/>\n<meta property=\"og:description\" content=\"Pol\u00edtica de Privacidad Pol\u00edtica de Privacidad | Taxi Leandro En Taxi Leandro, valoramos su privacidad y nos comprometemos a proteger sus datos personales conforme al Reglamento General de Protecci\u00f3n de Datos (RGPD). 1.Responsable del Tratamiento: Taxi Leandro. 2.Datos Recopilados: Nombre, email, tel\u00e9fono, ubicaci\u00f3n y detalles del servicio solicitado. 3.Finalidad del Tratamiento: \u2022Gestionar reservas y solicitudes. [&hellip;]\" \/>\n<meta property=\"og:url\" content=\"https:\/\/andorrataxileandro.com\/ru\/politica-de-privacidad\/\" \/>\n<meta property=\"og:site_name\" content=\"Taxi Leandro\" \/>\n<meta property=\"article:modified_time\" content=\"2025-01-03T14:35:14+00:00\" \/>\n<meta name=\"twitter:card\" content=\"summary_large_image\" \/>\n<meta name=\"twitter:label1\" content=\"\u041f\u0440\u0438\u043c\u0435\u0440\u043d\u043e\u0435 \u0432\u0440\u0435\u043c\u044f \u0434\u043b\u044f \u0447\u0442\u0435\u043d\u0438\u044f\" \/>\n\t<meta name=\"twitter:data1\" content=\"1 \u043c\u0438\u043d\u0443\u0442\u0430\" \/>\n<script type=\"application\/ld+json\" class=\"yoast-schema-graph\">{\"@context\":\"https:\/\/schema.org\",\"@graph\":[{\"@type\":\"WebPage\",\"@id\":\"https:\/\/andorrataxileandro.com\/politica-de-privacidad\/\",\"url\":\"https:\/\/andorrataxileandro.com\/politica-de-privacidad\/\",\"name\":\"Pol\u00edtica de Privacidad - Taxi Leandro\",\"isPartOf\":{\"@id\":\"https:\/\/andorrataxileandro.com\/#website\"},\"datePublished\":\"2025-01-03T14:19:47+00:00\",\"dateModified\":\"2025-01-03T14:35:14+00:00\",\"breadcrumb\":{\"@id\":\"https:\/\/andorrataxileandro.com\/politica-de-privacidad\/#breadcrumb\"},\"inLanguage\":\"ru-RU\",\"potentialAction\":[{\"@type\":\"ReadAction\",\"target\":[\"https:\/\/andorrataxileandro.com\/politica-de-privacidad\/\"]}]},{\"@type\":\"BreadcrumbList\",\"@id\":\"https:\/\/andorrataxileandro.com\/politica-de-privacidad\/#breadcrumb\",\"itemListElement\":[{\"@type\":\"ListItem\",\"position\":1,\"name\":\"Portada\",\"item\":\"https:\/\/andorrataxileandro.com\/\"},{\"@type\":\"ListItem\",\"position\":2,\"name\":\"Pol\u00edtica de Privacidad\"}]},{\"@type\":\"WebSite\",\"@id\":\"https:\/\/andorrataxileandro.com\/#website\",\"url\":\"https:\/\/andorrataxileandro.com\/\",\"name\":\"Taxi Leandro\",\"description\":\"Taxi en Andorra servicio r\u00e1pido y confiable\",\"potentialAction\":[{\"@type\":\"SearchAction\",\"target\":{\"@type\":\"EntryPoint\",\"urlTemplate\":\"https:\/\/andorrataxileandro.com\/?s={search_term_string}\"},\"query-input\":{\"@type\":\"PropertyValueSpecification\",\"valueRequired\":true,\"valueName\":\"search_term_string\"}}],\"inLanguage\":\"ru-RU\"}]}<\/script>\n<!-- \/ Yoast SEO plugin. -->","yoast_head_json":{"title":"Pol\u00edtica de Privacidad - Taxi Leandro","robots":{"index":"index","follow":"follow","max-snippet":"max-snippet:-1","max-image-preview":"max-image-preview:large","max-video-preview":"max-video-preview:-1"},"canonical":"https:\/\/andorrataxileandro.com\/ru\/politica-de-privacidad\/","og_locale":"ru_RU","og_type":"article","og_title":"Pol\u00edtica de Privacidad - Taxi Leandro","og_description":"Pol\u00edtica de Privacidad Pol\u00edtica de Privacidad | Taxi Leandro En Taxi Leandro, valoramos su privacidad y nos comprometemos a proteger sus datos personales conforme al Reglamento General de Protecci\u00f3n de Datos (RGPD). 1.Responsable del Tratamiento: Taxi Leandro. 2.Datos Recopilados: Nombre, email, tel\u00e9fono, ubicaci\u00f3n y detalles del servicio solicitado. 3.Finalidad del Tratamiento: \u2022Gestionar reservas y solicitudes. [&hellip;]","og_url":"https:\/\/andorrataxileandro.com\/ru\/politica-de-privacidad\/","og_site_name":"Taxi Leandro","article_modified_time":"2025-01-03T14:35:14+00:00","twitter_card":"summary_large_image","twitter_misc":{"\u041f\u0440\u0438\u043c\u0435\u0440\u043d\u043e\u0435 \u0432\u0440\u0435\u043c\u044f \u0434\u043b\u044f \u0447\u0442\u0435\u043d\u0438\u044f":"1 \u043c\u0438\u043d\u0443\u0442\u0430"},"schema":{"@context":"https:\/\/schema.org","@graph":[{"@type":"WebPage","@id":"https:\/\/andorrataxileandro.com\/politica-de-privacidad\/","url":"https:\/\/andorrataxileandro.com\/politica-de-privacidad\/","name":"Pol\u00edtica de Privacidad - Taxi Leandro","isPartOf":{"@id":"https:\/\/andorrataxileandro.com\/#website"},"datePublished":"2025-01-03T14:19:47+00:00","dateModified":"2025-01-03T14:35:14+00:00","breadcrumb":{"@id":"https:\/\/andorrataxileandro.com\/politica-de-privacidad\/#breadcrumb"},"inLanguage":"ru-RU","potentialAction":[{"@type":"ReadAction","target":["https:\/\/andorrataxileandro.com\/politica-de-privacidad\/"]}]},{"@type":"BreadcrumbList","@id":"https:\/\/andorrataxileandro.com\/politica-de-privacidad\/#breadcrumb","itemListElement":[{"@type":"ListItem","position":1,"name":"Portada","item":"https:\/\/andorrataxileandro.com\/"},{"@type":"ListItem","position":2,"name":"Pol\u00edtica de Privacidad"}]},{"@type":"WebSite","@id":"https:\/\/andorrataxileandro.com\/#website","url":"https:\/\/andorrataxileandro.com\/","name":"\u0422\u0430\u043a\u0441\u0438 \u041b\u0435\u0430\u043d\u0434\u0440\u043e","description":"\u0422\u0430\u043a\u0441\u0438 \u0432 \u0410\u043d\u0434\u043e\u0440\u0440\u0435 - \u0431\u044b\u0441\u0442\u0440\u044b\u0439 \u0438 \u043d\u0430\u0434\u0435\u0436\u043d\u044b\u0439 \u0441\u0435\u0440\u0432\u0438\u0441","potentialAction":[{"@type":"SearchAction","target":{"@type":"EntryPoint","urlTemplate":"https:\/\/andorrataxileandro.com\/?s={search_term_string}"},"query-input":{"@type":"PropertyValueSpecification","valueRequired":true,"valueName":"search_term_string"}}],"inLanguage":"ru-RU"}]}},"_links":{"self":[{"href":"https:\/\/andorrataxileandro.com\/ru\/wp-json\/wp\/v2\/pages\/2235","targetHints":{"allow":["GET"]}}],"collection":[{"href":"https:\/\/andorrataxileandro.com\/ru\/wp-json\/wp\/v2\/pages"}],"about":[{"href":"https:\/\/andorrataxileandro.com\/ru\/wp-json\/wp\/v2\/types\/page"}],"author":[{"embeddable":true,"href":"https:\/\/andorrataxileandro.com\/ru\/wp-json\/wp\/v2\/users\/1"}],"replies":[{"embeddable":true,"href":"https:\/\/andorrataxileandro.com\/ru\/wp-json\/wp\/v2\/comments?post=2235"}],"version-history":[{"count":9,"href":"https:\/\/andorrataxileandro.com\/ru\/wp-json\/wp\/v2\/pages\/2235\/revisions"}],"predecessor-version":[{"id":2255,"href":"https:\/\/andorrataxileandro.com\/ru\/wp-json\/wp\/v2\/pages\/2235\/revisions\/2255"}],"wp:attachment":[{"href":"https:\/\/andorrataxileandro.com\/ru\/wp-json\/wp\/v2\/media?parent=2235"}],"curies":[{"name":"wp","href":"https:\/\/api.w.org\/{rel}","templated":true}]}}