{"id":2242,"date":"2025-01-03T15:28:42","date_gmt":"2025-01-03T14:28:42","guid":{"rendered":"https:\/\/andorrataxileandro.com\/?page_id=2242"},"modified":"2025-01-03T15:36:13","modified_gmt":"2025-01-03T14:36:13","slug":"politica-de-cookies","status":"publish","type":"page","link":"https:\/\/andorrataxileandro.com\/pt\/politica-de-cookies\/","title":{"rendered":"Pol\u00edtica de cookies"},"content":{"rendered":"<div data-elementor-type=\"wp-page\" data-elementor-id=\"2242\" class=\"elementor elementor-2242\" data-elementor-post-type=\"page\">\n\t\t\t\t<div class=\"elementor-element elementor-element-e885a87 e-flex e-con-boxed e-con e-parent\" data-id=\"e885a87\" data-element_type=\"container\" data-settings=\"{&quot;background_background&quot;:&quot;classic&quot;}\">\n\t\t\t\t\t<div class=\"e-con-inner\">\n\t\t\t\t<div class=\"elementor-element elementor-element-aff1d50 elementor-widget elementor-widget-heading\" data-id=\"aff1d50\" data-element_type=\"widget\" data-widget_type=\"heading.default\">\n\t\t\t\t<div class=\"elementor-widget-container\">\n\t\t\t\t\t<h1 class=\"elementor-heading-title elementor-size-default\">Pol\u00edtica de cookies<\/h1>\t\t\t\t<\/div>\n\t\t\t\t<\/div>\n\t\t\t\t\t<\/div>\n\t\t\t\t<\/div>\n\t\t<div class=\"elementor-element elementor-element-c2fb7fd animated-slow e-flex e-con-boxed elementor-invisible e-con e-parent\" data-id=\"c2fb7fd\" data-element_type=\"container\" data-settings=\"{&quot;animation&quot;:&quot;fadeIn&quot;,&quot;animation_delay&quot;:300}\">\n\t\t\t\t\t<div class=\"e-con-inner\">\n\t\t<div class=\"elementor-element elementor-element-03b2fd3 e-con-full e-flex e-con e-child\" data-id=\"03b2fd3\" data-element_type=\"container\">\n\t\t\t\t<div class=\"elementor-element elementor-element-314678a elementor-widget elementor-widget-heading\" data-id=\"314678a\" data-element_type=\"widget\" data-widget_type=\"heading.default\">\n\t\t\t\t<div class=\"elementor-widget-container\">\n\t\t\t\t\t<h1 class=\"elementor-heading-title elementor-size-default\">Pol\u00edtica de Cookies | Taxi Leandro<\/h1>\t\t\t\t<\/div>\n\t\t\t\t<\/div>\n\t\t\t\t<div class=\"elementor-element elementor-element-9e29eaa elementor-widget elementor-widget-spacer\" data-id=\"9e29eaa\" data-element_type=\"widget\" data-widget_type=\"spacer.default\">\n\t\t\t\t<div class=\"elementor-widget-container\">\n\t\t\t\t\t\t\t<div class=\"elementor-spacer\">\n\t\t\t<div class=\"elementor-spacer-inner\"><\/div>\n\t\t<\/div>\n\t\t\t\t\t\t<\/div>\n\t\t\t\t<\/div>\n\t\t\t\t<div class=\"elementor-element elementor-element-b9dcd94 elementor-widget elementor-widget-text-editor\" data-id=\"b9dcd94\" data-element_type=\"widget\" data-widget_type=\"text-editor.default\">\n\t\t\t\t<div class=\"elementor-widget-container\">\n\t\t\t\t\t\t\t\t\t<p class=\"p1\"><span style=\"color: #000000;\">Este s\u00edtio Web utiliza cookies para melhorar a sua experi\u00eancia e analisar a utiliza\u00e7\u00e3o dos nossos servi\u00e7os.<\/span><\/p><p class=\"p2\"><span style=\"color: #000000;\">1.<b>Defini\u00e7\u00e3o de Cookies<\/b>:<\/span><\/p><p class=\"p1\"><span style=\"color: #000000;\">Pequenos ficheiros armazenados no seu dispositivo para otimizar o funcionamento do s\u00edtio.<\/span><\/p><p class=\"p2\"><span style=\"color: #000000;\">2.<b>Tipos de cookies utilizados<\/b>:<\/span><\/p><p class=\"p3\"><span style=\"color: #000000;\">-<b>Cookies necess\u00e1rios<\/b>Essencial para a funcionalidade b\u00e1sica.<\/span><\/p><p class=\"p3\"><span style=\"color: #000000;\">-<b>Cookies anal\u00edticos<\/b>Ajudam a melhorar o s\u00edtio atrav\u00e9s de dados an\u00f3nimos.<\/span><\/p><p class=\"p2\"><span style=\"color: #000000;\">3.<b>Gest\u00e3o de cookies<\/b>:<\/span><\/p><p class=\"p1\"><span style=\"color: #000000;\">Pode configurar o seu browser para bloquear ou apagar cookies.<\/span><\/p><p class=\"p2\"><span style=\"color: #000000;\">4.<b>Consentimento<\/b>:<\/span><\/p><p class=\"p1\"><span style=\"color: #000000;\">Ao utilizar o nosso s\u00edtio, o utilizador concorda com a nossa pol\u00edtica de cookies.<\/span><\/p>\t\t\t\t\t\t\t\t<\/div>\n\t\t\t\t<\/div>\n\t\t\t\t<\/div>\n\t\t\t\t\t<\/div>\n\t\t\t\t<\/div>\n\t\t\t\t<\/div>","protected":false},"excerpt":{"rendered":"<p>Pol\u00edtica de Cookies Pol\u00edtica de Cookies | Taxi Leandro Este sitio web utiliza cookies para mejorar su experiencia y analizar el uso de nuestros servicios. 1.Definici\u00f3n de Cookies: Peque\u00f1os archivos almacenados en su dispositivo para optimizar el funcionamiento del sitio. 2.Tipos de Cookies Utilizadas: \u2022Cookies Necesarias: Esenciales para la funcionalidad b\u00e1sica. \u2022Cookies de An\u00e1lisis: Ayudan [&hellip;]<\/p>","protected":false},"author":1,"featured_media":0,"parent":0,"menu_order":0,"comment_status":"closed","ping_status":"closed","template":"tpl-default-elementor.php","meta":{"_joinchat":[],"footnotes":""},"class_list":["post-2242","page","type-page","status-publish","hentry"],"yoast_head":"<!-- This site is optimized with the Yoast SEO plugin v26.7 - https:\/\/yoast.com\/wordpress\/plugins\/seo\/ -->\n<title>Pol\u00edtica de Cookies - Taxi Leandro<\/title>\n<meta name=\"robots\" content=\"index, follow, max-snippet:-1, max-image-preview:large, max-video-preview:-1\" \/>\n<link rel=\"canonical\" href=\"https:\/\/andorrataxileandro.com\/pt\/politica-de-cookies\/\" \/>\n<meta property=\"og:locale\" content=\"pt_PT\" \/>\n<meta property=\"og:type\" content=\"article\" \/>\n<meta property=\"og:title\" content=\"Pol\u00edtica de Cookies - Taxi Leandro\" \/>\n<meta property=\"og:description\" content=\"Pol\u00edtica de Cookies Pol\u00edtica de Cookies | Taxi Leandro Este sitio web utiliza cookies para mejorar su experiencia y analizar el uso de nuestros servicios. 1.Definici\u00f3n de Cookies: Peque\u00f1os archivos almacenados en su dispositivo para optimizar el funcionamiento del sitio. 2.Tipos de Cookies Utilizadas: \u2022Cookies Necesarias: Esenciales para la funcionalidad b\u00e1sica. \u2022Cookies de An\u00e1lisis: Ayudan [&hellip;]\" \/>\n<meta property=\"og:url\" content=\"https:\/\/andorrataxileandro.com\/pt\/politica-de-cookies\/\" \/>\n<meta property=\"og:site_name\" content=\"Taxi Leandro\" \/>\n<meta property=\"article:modified_time\" content=\"2025-01-03T14:36:13+00:00\" \/>\n<meta name=\"twitter:card\" content=\"summary_large_image\" \/>\n<script type=\"application\/ld+json\" class=\"yoast-schema-graph\">{\"@context\":\"https:\/\/schema.org\",\"@graph\":[{\"@type\":\"WebPage\",\"@id\":\"https:\/\/andorrataxileandro.com\/politica-de-cookies\/\",\"url\":\"https:\/\/andorrataxileandro.com\/politica-de-cookies\/\",\"name\":\"Pol\u00edtica de Cookies - Taxi Leandro\",\"isPartOf\":{\"@id\":\"https:\/\/andorrataxileandro.com\/#website\"},\"datePublished\":\"2025-01-03T14:28:42+00:00\",\"dateModified\":\"2025-01-03T14:36:13+00:00\",\"breadcrumb\":{\"@id\":\"https:\/\/andorrataxileandro.com\/politica-de-cookies\/#breadcrumb\"},\"inLanguage\":\"pt-PT\",\"potentialAction\":[{\"@type\":\"ReadAction\",\"target\":[\"https:\/\/andorrataxileandro.com\/politica-de-cookies\/\"]}]},{\"@type\":\"BreadcrumbList\",\"@id\":\"https:\/\/andorrataxileandro.com\/politica-de-cookies\/#breadcrumb\",\"itemListElement\":[{\"@type\":\"ListItem\",\"position\":1,\"name\":\"Portada\",\"item\":\"https:\/\/andorrataxileandro.com\/\"},{\"@type\":\"ListItem\",\"position\":2,\"name\":\"Pol\u00edtica de Cookies\"}]},{\"@type\":\"WebSite\",\"@id\":\"https:\/\/andorrataxileandro.com\/#website\",\"url\":\"https:\/\/andorrataxileandro.com\/\",\"name\":\"Taxi Leandro\",\"description\":\"Taxi en Andorra servicio r\u00e1pido y confiable\",\"potentialAction\":[{\"@type\":\"SearchAction\",\"target\":{\"@type\":\"EntryPoint\",\"urlTemplate\":\"https:\/\/andorrataxileandro.com\/?s={search_term_string}\"},\"query-input\":{\"@type\":\"PropertyValueSpecification\",\"valueRequired\":true,\"valueName\":\"search_term_string\"}}],\"inLanguage\":\"pt-PT\"}]}<\/script>\n<!-- \/ Yoast SEO plugin. -->","yoast_head_json":{"title":"Pol\u00edtica de Cookies - Taxi Leandro","robots":{"index":"index","follow":"follow","max-snippet":"max-snippet:-1","max-image-preview":"max-image-preview:large","max-video-preview":"max-video-preview:-1"},"canonical":"https:\/\/andorrataxileandro.com\/pt\/politica-de-cookies\/","og_locale":"pt_PT","og_type":"article","og_title":"Pol\u00edtica de Cookies - Taxi Leandro","og_description":"Pol\u00edtica de Cookies Pol\u00edtica de Cookies | Taxi Leandro Este sitio web utiliza cookies para mejorar su experiencia y analizar el uso de nuestros servicios. 1.Definici\u00f3n de Cookies: Peque\u00f1os archivos almacenados en su dispositivo para optimizar el funcionamiento del sitio. 2.Tipos de Cookies Utilizadas: \u2022Cookies Necesarias: Esenciales para la funcionalidad b\u00e1sica. \u2022Cookies de An\u00e1lisis: Ayudan [&hellip;]","og_url":"https:\/\/andorrataxileandro.com\/pt\/politica-de-cookies\/","og_site_name":"Taxi Leandro","article_modified_time":"2025-01-03T14:36:13+00:00","twitter_card":"summary_large_image","schema":{"@context":"https:\/\/schema.org","@graph":[{"@type":"WebPage","@id":"https:\/\/andorrataxileandro.com\/politica-de-cookies\/","url":"https:\/\/andorrataxileandro.com\/politica-de-cookies\/","name":"Pol\u00edtica de Cookies - Taxi Leandro","isPartOf":{"@id":"https:\/\/andorrataxileandro.com\/#website"},"datePublished":"2025-01-03T14:28:42+00:00","dateModified":"2025-01-03T14:36:13+00:00","breadcrumb":{"@id":"https:\/\/andorrataxileandro.com\/politica-de-cookies\/#breadcrumb"},"inLanguage":"pt-PT","potentialAction":[{"@type":"ReadAction","target":["https:\/\/andorrataxileandro.com\/politica-de-cookies\/"]}]},{"@type":"BreadcrumbList","@id":"https:\/\/andorrataxileandro.com\/politica-de-cookies\/#breadcrumb","itemListElement":[{"@type":"ListItem","position":1,"name":"Portada","item":"https:\/\/andorrataxileandro.com\/"},{"@type":"ListItem","position":2,"name":"Pol\u00edtica de Cookies"}]},{"@type":"WebSite","@id":"https:\/\/andorrataxileandro.com\/#website","url":"https:\/\/andorrataxileandro.com\/","name":"Leandro T\u00e1xi","description":"T\u00e1xi em Andorra servi\u00e7o r\u00e1pido e fi\u00e1vel","potentialAction":[{"@type":"SearchAction","target":{"@type":"EntryPoint","urlTemplate":"https:\/\/andorrataxileandro.com\/?s={search_term_string}"},"query-input":{"@type":"PropertyValueSpecification","valueRequired":true,"valueName":"search_term_string"}}],"inLanguage":"pt-PT"}]}},"_links":{"self":[{"href":"https:\/\/andorrataxileandro.com\/pt\/wp-json\/wp\/v2\/pages\/2242","targetHints":{"allow":["GET"]}}],"collection":[{"href":"https:\/\/andorrataxileandro.com\/pt\/wp-json\/wp\/v2\/pages"}],"about":[{"href":"https:\/\/andorrataxileandro.com\/pt\/wp-json\/wp\/v2\/types\/page"}],"author":[{"embeddable":true,"href":"https:\/\/andorrataxileandro.com\/pt\/wp-json\/wp\/v2\/users\/1"}],"replies":[{"embeddable":true,"href":"https:\/\/andorrataxileandro.com\/pt\/wp-json\/wp\/v2\/comments?post=2242"}],"version-history":[{"count":6,"href":"https:\/\/andorrataxileandro.com\/pt\/wp-json\/wp\/v2\/pages\/2242\/revisions"}],"predecessor-version":[{"id":2258,"href":"https:\/\/andorrataxileandro.com\/pt\/wp-json\/wp\/v2\/pages\/2242\/revisions\/2258"}],"wp:attachment":[{"href":"https:\/\/andorrataxileandro.com\/pt\/wp-json\/wp\/v2\/media?parent=2242"}],"curies":[{"name":"wp","href":"https:\/\/api.w.org\/{rel}","templated":true}]}}