{"id":2574,"date":"2025-02-06T16:14:55","date_gmt":"2025-02-06T15:14:55","guid":{"rendered":"https:\/\/andorrataxileandro.com\/?page_id=2574"},"modified":"2025-02-06T16:38:13","modified_gmt":"2025-02-06T15:38:13","slug":"taxi-andorra","status":"publish","type":"page","link":"https:\/\/andorrataxileandro.com\/fr\/taxi-andorra\/","title":{"rendered":"Taxi Andorre"},"content":{"rendered":"<div data-elementor-type=\"wp-page\" data-elementor-id=\"2574\" class=\"elementor elementor-2574\" data-elementor-post-type=\"page\">\n\t\t\t\t<div class=\"elementor-element elementor-element-0270749 e-flex e-con-boxed e-con e-parent\" data-id=\"0270749\" data-element_type=\"container\">\n\t\t\t\t\t<div class=\"e-con-inner\">\n\t\t<div class=\"elementor-element elementor-element-8132e51 e-con-full animated-slow e-flex elementor-invisible e-con e-child\" data-id=\"8132e51\" data-element_type=\"container\" data-settings=\"{&quot;animation&quot;:&quot;fadeInLeft&quot;,&quot;animation_delay&quot;:200}\">\n\t\t\t\t<div class=\"elementor-element elementor-element-2b23c66 elementor-widget elementor-widget-heading\" data-id=\"2b23c66\" data-element_type=\"widget\" data-widget_type=\"heading.default\">\n\t\t\t\t<div class=\"elementor-widget-container\">\n\t\t\t\t\t<h1 class=\"elementor-heading-title elementor-size-default\">Taxi Andorre <\/h1>\t\t\t\t<\/div>\n\t\t\t\t<\/div>\n\t\t\t\t<div class=\"elementor-element elementor-element-c2ca362 elementor-widget elementor-widget-text-editor\" data-id=\"c2ca362\" data-element_type=\"widget\" data-widget_type=\"text-editor.default\">\n\t\t\t\t<div class=\"elementor-widget-container\">\n\t\t\t\t\t\t\t\t\t<p>Disposer d'un service de taxi fiable et efficace en Andorre est essentiel pour se d\u00e9placer en tout confort. Taxi Leandro vous offre une exp\u00e9rience personnalis\u00e9e, s\u00fbre et rapide, disponible 24 heures sur 24, 7 jours sur 7. Que vous visitiez l'Andorre pour le tourisme ou que vous ayez besoin d'un transport local, notre \u00e9quipe est l\u00e0 pour vous aider.<\/p><p>Nous couvrons toutes les paroisses, d'Andorre-la-Vieille \u00e0 Canillo, et offrons un service adapt\u00e9 \u00e0 vos besoins. En outre, nous offrons une attention imm\u00e9diate par WhatsApp ou par t\u00e9l\u00e9phone pour votre commodit\u00e9.<\/p>\t\t\t\t\t\t\t\t<\/div>\n\t\t\t\t<\/div>\n\t\t\t\t<div class=\"elementor-element elementor-element-8605404 elementor-align-center e-transform e-transform elementor-widget elementor-widget-button\" data-id=\"8605404\" data-element_type=\"widget\" data-settings=\"{&quot;_transform_scale_effect_hover&quot;:{&quot;unit&quot;:&quot;px&quot;,&quot;size&quot;:1.2,&quot;sizes&quot;:[]},&quot;_transform_scaleX_effect&quot;:{&quot;unit&quot;:&quot;px&quot;,&quot;size&quot;:&quot;&quot;,&quot;sizes&quot;:[]},&quot;_transform_scaleX_effect_tablet&quot;:{&quot;unit&quot;:&quot;px&quot;,&quot;size&quot;:&quot;&quot;,&quot;sizes&quot;:[]},&quot;_transform_scaleX_effect_mobile&quot;:{&quot;unit&quot;:&quot;px&quot;,&quot;size&quot;:&quot;&quot;,&quot;sizes&quot;:[]},&quot;_transform_scaleY_effect&quot;:{&quot;unit&quot;:&quot;px&quot;,&quot;size&quot;:&quot;&quot;,&quot;sizes&quot;:[]},&quot;_transform_scaleY_effect_tablet&quot;:{&quot;unit&quot;:&quot;px&quot;,&quot;size&quot;:&quot;&quot;,&quot;sizes&quot;:[]},&quot;_transform_scaleY_effect_mobile&quot;:{&quot;unit&quot;:&quot;px&quot;,&quot;size&quot;:&quot;&quot;,&quot;sizes&quot;:[]},&quot;_transform_scale_effect_hover_tablet&quot;:{&quot;unit&quot;:&quot;px&quot;,&quot;size&quot;:&quot;&quot;,&quot;sizes&quot;:[]},&quot;_transform_scale_effect_hover_mobile&quot;:{&quot;unit&quot;:&quot;px&quot;,&quot;size&quot;:&quot;&quot;,&quot;sizes&quot;:[]}}\" data-widget_type=\"button.default\">\n\t\t\t\t<div class=\"elementor-widget-container\">\n\t\t\t\t\t\t\t\t\t<div class=\"elementor-button-wrapper\">\n\t\t\t\t\t<a class=\"elementor-button elementor-button-link elementor-size-sm\" href=\"https:\/\/wa.me\/376653030\">\n\t\t\t\t\t\t<span class=\"elementor-button-content-wrapper\">\n\t\t\t\t\t\t\t\t\t<span class=\"elementor-button-text\">R\u00e9servez maintenant et profitez du meilleur service de taxi en Andorre.<\/span>\n\t\t\t\t\t<\/span>\n\t\t\t\t\t<\/a>\n\t\t\t\t<\/div>\n\t\t\t\t\t\t\t\t<\/div>\n\t\t\t\t<\/div>\n\t\t\t\t<\/div>\n\t\t\t\t\t<\/div>\n\t\t\t\t<\/div>\n\t\t<div class=\"elementor-element elementor-element-c2fb7fd animated-slow e-flex e-con-boxed elementor-invisible e-con e-parent\" data-id=\"c2fb7fd\" data-element_type=\"container\" data-settings=\"{&quot;animation&quot;:&quot;fadeIn&quot;,&quot;animation_delay&quot;:300}\">\n\t\t\t\t\t<div class=\"e-con-inner\">\n\t\t<div class=\"elementor-element elementor-element-03b2fd3 e-con-full e-flex e-con e-child\" data-id=\"03b2fd3\" data-element_type=\"container\">\n\t\t\t\t<div class=\"elementor-element elementor-element-314678a elementor-widget elementor-widget-heading\" data-id=\"314678a\" data-element_type=\"widget\" data-widget_type=\"heading.default\">\n\t\t\t\t<div class=\"elementor-widget-container\">\n\t\t\t\t\t<h2 class=\"elementor-heading-title elementor-size-default\">Services de taxi en Andorre<\/h2>\t\t\t\t<\/div>\n\t\t\t\t<\/div>\n\t\t\t\t<div class=\"elementor-element elementor-element-b9dcd94 elementor-widget elementor-widget-text-editor\" data-id=\"b9dcd94\" data-element_type=\"widget\" data-widget_type=\"text-editor.default\">\n\t\t\t\t<div class=\"elementor-widget-container\">\n\t\t\t\t\t\t\t\t\t<p>Chez Taxi Leandro, nous offrons une large gamme de services pour garantir votre satisfaction :<\/p><p>- Transferts de l'a\u00e9roport et de l'h\u00f4tel : arrivez \u00e0 votre destination \u00e0 temps et sans tracas.<\/p><p>- Visites touristiques : d\u00e9couvrez la beaut\u00e9 de l'Andorre en tout confort.<\/p><p>- Transport personnalis\u00e9 : nous adaptons nos services \u00e0 vos besoins, que ce soit pour un \u00e9v\u00e9nement ou une r\u00e9union.<\/p><p>- Service 24\/7 : Nous sommes toujours disponibles, quelle que soit l'heure.<\/p>\t\t\t\t\t\t\t\t<\/div>\n\t\t\t\t<\/div>\n\t\t\t\t<\/div>\n\t\t<div class=\"elementor-element elementor-element-2f5ef86 e-con-full e-flex e-con e-child\" data-id=\"2f5ef86\" data-element_type=\"container\">\n\t\t\t\t<div class=\"elementor-element elementor-element-2eebc99 elementor-widget elementor-widget-image\" data-id=\"2eebc99\" data-element_type=\"widget\" data-widget_type=\"image.default\">\n\t\t\t\t<div class=\"elementor-widget-container\">\n\t\t\t\t\t\t\t\t\t\t\t\t\t\t\t<img fetchpriority=\"high\" decoding=\"async\" width=\"300\" height=\"507\" src=\"https:\/\/andorrataxileandro.com\/wp-content\/uploads\/2022\/05\/introduction-2.png\" class=\"attachment-large size-large wp-image-1395\" alt=\"taxi andorra\" srcset=\"https:\/\/andorrataxileandro.com\/wp-content\/uploads\/2022\/05\/introduction-2.png 300w, https:\/\/andorrataxileandro.com\/wp-content\/uploads\/2022\/05\/introduction-2-178x300.png 178w\" sizes=\"(max-width: 300px) 100vw, 300px\" \/>\t\t\t\t\t\t\t\t\t\t\t\t\t\t\t<\/div>\n\t\t\t\t<\/div>\n\t\t\t\t<\/div>\n\t\t\t\t\t<\/div>\n\t\t\t\t<\/div>\n\t\t<div class=\"elementor-element elementor-element-677666b animated-slow e-flex e-con-boxed elementor-invisible e-con e-parent\" data-id=\"677666b\" data-element_type=\"container\" data-settings=\"{&quot;animation&quot;:&quot;fadeIn&quot;,&quot;animation_delay&quot;:300}\">\n\t\t\t\t\t<div class=\"e-con-inner\">\n\t\t<div class=\"elementor-element elementor-element-e645a30 e-con-full e-flex e-con e-child\" data-id=\"e645a30\" data-element_type=\"container\">\n\t\t\t\t<div class=\"elementor-element elementor-element-a1c83bb elementor-widget elementor-widget-heading\" data-id=\"a1c83bb\" data-element_type=\"widget\" data-widget_type=\"heading.default\">\n\t\t\t\t<div class=\"elementor-widget-container\">\n\t\t\t\t\t<h2 class=\"elementor-heading-title elementor-size-default\">Taxi Andorre - Couverture de toutes les paroisses d'Andorre<\/h2>\t\t\t\t<\/div>\n\t\t\t\t<\/div>\n\t\t\t\t<div class=\"elementor-element elementor-element-6bf4d10 elementor-widget elementor-widget-image\" data-id=\"6bf4d10\" data-element_type=\"widget\" data-widget_type=\"image.default\">\n\t\t\t\t<div class=\"elementor-widget-container\">\n\t\t\t\t\t\t\t\t\t\t\t\t\t\t\t<img decoding=\"async\" width=\"82\" height=\"65\" data-src=\"https:\/\/andorrataxileandro.com\/wp-content\/uploads\/2022\/05\/map-pin-1-1.png\" class=\"attachment-large size-large wp-image-1402 lazyload\" alt=\"\" src=\"data:image\/gif;base64,R0lGODlhAQABAAAAACH5BAEKAAEALAAAAAABAAEAAAICTAEAOw==\" style=\"--smush-placeholder-width: 82px; --smush-placeholder-aspect-ratio: 82\/65;\" \/><noscript><img decoding=\"async\" width=\"82\" height=\"65\" src=\"https:\/\/andorrataxileandro.com\/wp-content\/uploads\/2022\/05\/map-pin-1-1.png\" class=\"attachment-large size-large wp-image-1402\" alt=\"\" \/><\/noscript>\t\t\t\t\t\t\t\t\t\t\t\t\t\t\t<\/div>\n\t\t\t\t<\/div>\n\t\t\t\t<div class=\"elementor-element elementor-element-3d45ac4 elementor-widget elementor-widget-text-editor\" data-id=\"3d45ac4\" data-element_type=\"widget\" data-widget_type=\"text-editor.default\">\n\t\t\t\t<div class=\"elementor-widget-container\">\n\t\t\t\t\t\t\t\t\t<p class=\"p1\">Notre service de taxi couvre les 7 paroisses d'Andorre :<\/p><p class=\"p2\">- Andorre-la-Vieille<\/p><p class=\"p2\">- Escaldes-Engordany<\/p><p class=\"p2\">- Encamp<\/p><p class=\"p2\">- Canillo<\/p><p class=\"p2\">- La Massana<\/p><p class=\"p2\">- Ordino<\/p><p class=\"p2\">- Sant Juli\u00e0 de L\u00f2ria<\/p><p class=\"p1\">O\u00f9 que vous soyez, nous sommes pr\u00eats \u00e0 vous servir.<\/p>\t\t\t\t\t\t\t\t<\/div>\n\t\t\t\t<\/div>\n\t\t\t\t<div class=\"elementor-element elementor-element-374fa80 elementor-align-center e-transform e-transform elementor-widget elementor-widget-button\" data-id=\"374fa80\" data-element_type=\"widget\" data-settings=\"{&quot;_transform_scale_effect_hover&quot;:{&quot;unit&quot;:&quot;px&quot;,&quot;size&quot;:1.2,&quot;sizes&quot;:[]},&quot;_transform_scaleX_effect&quot;:{&quot;unit&quot;:&quot;px&quot;,&quot;size&quot;:&quot;&quot;,&quot;sizes&quot;:[]},&quot;_transform_scaleX_effect_tablet&quot;:{&quot;unit&quot;:&quot;px&quot;,&quot;size&quot;:&quot;&quot;,&quot;sizes&quot;:[]},&quot;_transform_scaleX_effect_mobile&quot;:{&quot;unit&quot;:&quot;px&quot;,&quot;size&quot;:&quot;&quot;,&quot;sizes&quot;:[]},&quot;_transform_scaleY_effect&quot;:{&quot;unit&quot;:&quot;px&quot;,&quot;size&quot;:&quot;&quot;,&quot;sizes&quot;:[]},&quot;_transform_scaleY_effect_tablet&quot;:{&quot;unit&quot;:&quot;px&quot;,&quot;size&quot;:&quot;&quot;,&quot;sizes&quot;:[]},&quot;_transform_scaleY_effect_mobile&quot;:{&quot;unit&quot;:&quot;px&quot;,&quot;size&quot;:&quot;&quot;,&quot;sizes&quot;:[]},&quot;_transform_scale_effect_hover_tablet&quot;:{&quot;unit&quot;:&quot;px&quot;,&quot;size&quot;:&quot;&quot;,&quot;sizes&quot;:[]},&quot;_transform_scale_effect_hover_mobile&quot;:{&quot;unit&quot;:&quot;px&quot;,&quot;size&quot;:&quot;&quot;,&quot;sizes&quot;:[]}}\" data-widget_type=\"button.default\">\n\t\t\t\t<div class=\"elementor-widget-container\">\n\t\t\t\t\t\t\t\t\t<div class=\"elementor-button-wrapper\">\n\t\t\t\t\t<a class=\"elementor-button elementor-button-link elementor-size-sm\" href=\"https:\/\/wa.me\/376653030\">\n\t\t\t\t\t\t<span class=\"elementor-button-content-wrapper\">\n\t\t\t\t\t\t\t\t\t<span class=\"elementor-button-text\">Contactez-nous d\u00e8s maintenant et d\u00e9couvrez pourquoi nous sommes le meilleur choix en Andorre.<\/span>\n\t\t\t\t\t<\/span>\n\t\t\t\t\t<\/a>\n\t\t\t\t<\/div>\n\t\t\t\t\t\t\t\t<\/div>\n\t\t\t\t<\/div>\n\t\t\t\t<\/div>\n\t\t\t\t\t<\/div>\n\t\t\t\t<\/div>\n\t\t\t\t<section class=\"elementor-section elementor-top-section elementor-element elementor-element-48d539a elementor-section-stretched elementor-section-full_width elementor-section-height-default elementor-section-height-default\" data-id=\"48d539a\" data-element_type=\"section\" id=\"servicios\" data-settings=\"{&quot;stretch_section&quot;:&quot;section-stretched&quot;}\">\n\t\t\t\t\t\t<div class=\"elementor-container elementor-column-gap-no\">\n\t\t\t\t\t<div class=\"elementor-column elementor-col-100 elementor-top-column elementor-element elementor-element-5fb2f768\" data-id=\"5fb2f768\" data-element_type=\"column\">\n\t\t\t<div class=\"elementor-widget-wrap elementor-element-populated\">\n\t\t\t\t\t\t<div class=\"elementor-element elementor-element-5b6095ca elementor-widget elementor-widget-conexi_service_icon\" data-id=\"5b6095ca\" data-element_type=\"widget\" data-widget_type=\"conexi_service_icon.default\">\n\t\t\t\t<div class=\"elementor-widget-container\">\n\t\t\t\t\t\t\t\n\t\t\n\t\t<section class=\"feature-style-one thm-black-bg\">\n            <img decoding=\"async\" data-src=\"https:\/\/old3.commonsupport.com\/wp\/conexi\/wp-content\/uploads\/2020\/04\/feature-bg-1-1.png\" alt=\"Image\" class=\"feature-bg lazyload\" src=\"data:image\/gif;base64,R0lGODlhAQABAAAAACH5BAEKAAEALAAAAAABAAEAAAICTAEAOw==\" \/><noscript><img decoding=\"async\" src=\"https:\/\/old3.commonsupport.com\/wp\/conexi\/wp-content\/uploads\/2020\/04\/feature-bg-1-1.png\" alt=\"Image\" class=\"feature-bg\" \/><\/noscript>\n            <div class=\"container\">\n                <div class=\"block-title text-center\">\n                    <div class=\"dot-line\"><\/div><!-- \/.dot-line -->\n                    <p>Une disponibilit\u00e9 24h\/24 et 7j\/7 pour tous vos besoins.<\/p>\n                    <h2 class=\"light\">Pourquoi choisir Taxi Leandro en Andorre ?<\/h2>\n                <\/div><!-- \/.block-title text-center -->\n                <div class=\"row\">\n\t\t\t\t\n\t\t\t\t\t\t\t\t\t\n                    <div class=\"col-lg-4\">\n                        <div class=\"single-feature-one\">\n                            <div class=\"icon-block\">\n                                <i class=\"icon conexi-icon-insurance\"><\/i>\n                            <\/div><!-- \/.icon-block -->\n                            <h3><a href=\"\">Couverture compl\u00e8te<\/a><\/h3>\n                            <p>Couverture totale des 7 paroisses d'Andorre.<\/p>\n                            <a href=\"\" class=\"more-link\"><\/a>\n                        <\/div><!-- \/.single-feature-one -->\n                    <\/div><!-- \/.col-lg-4 -->\n\t\t\t\t\t\n\t\t\t\t\t\t\t\t\t\n                    <div class=\"col-lg-4\">\n                        <div class=\"single-feature-one\">\n                            <div class=\"icon-block\">\n                                <i class=\"icon conexi-icon-seatbelt\"><\/i>\n                            <\/div><!-- \/.icon-block -->\n                            <h3><a href=\"\">Un service unique<\/a><\/h3>\n                            <p>Un service rapide, s\u00fbr et abordable pour les touristes et les r\u00e9sidents.<\/p>\n                            <a href=\"\" class=\"more-link\"><\/a>\n                        <\/div><!-- \/.single-feature-one -->\n                    <\/div><!-- \/.col-lg-4 -->\n\t\t\t\t\t\n\t\t\t\t\t\t\t\t\t\n                    <div class=\"col-lg-4\">\n                        <div class=\"single-feature-one\">\n                            <div class=\"icon-block\">\n                                <i class=\"icon conexi-icon-consent\"><\/i>\n                            <\/div><!-- \/.icon-block -->\n                            <h3><a href=\"\">R\u00e9servation imm\u00e9diate<\/a><\/h3>\n                            <p>R\u00e9servations faciles et directes via WhatsApp.<\/p>\n                            <a href=\"\" class=\"more-link\"><\/a>\n                        <\/div><!-- \/.single-feature-one -->\n                    <\/div><!-- \/.col-lg-4 -->\n\t\t\t\t\t\n\t\t\t\t\t\t\t\t\t\n                    <div class=\"col-lg-4\">\n                        <div class=\"single-feature-one\">\n                            <div class=\"icon-block\">\n                                <i class=\"icon conexi-icon-taxi\"><\/i>\n                            <\/div><!-- \/.icon-block -->\n                            <h3><a href=\"\">Transferts \u00e0 l'h\u00f4tel et \u00e0 l'a\u00e9roport<\/a><\/h3>\n                            <p>Arriv\u00e9e \u00e0 destination dans le confort et \u00e0 l'heure.<\/p>\n                            <a href=\"\" class=\"more-link\"><\/a>\n                        <\/div><!-- \/.single-feature-one -->\n                    <\/div><!-- \/.col-lg-4 -->\n\t\t\t\t\t\n\t\t\t\t\t\t\t\t\t\n                    <div class=\"col-lg-4\">\n                        <div class=\"single-feature-one\">\n                            <div class=\"icon-block\">\n                                <i class=\"icon conexi-icon-small-calendar\"><\/i>\n                            <\/div><!-- \/.icon-block -->\n                            <h3><a href=\"\">Visites guid\u00e9es<\/a><\/h3>\n                            <p>D\u00e9couvrez la beaut\u00e9 de l'Andorre avec Taxi Leandro.<\/p>\n                            <a href=\"\" class=\"more-link\"><\/a>\n                        <\/div><!-- \/.single-feature-one -->\n                    <\/div><!-- \/.col-lg-4 -->\n\t\t\t\t\t\n\t\t\t\t\t\t\t\t\t\n                    <div class=\"col-lg-4\">\n                        <div class=\"single-feature-one\">\n                            <div class=\"icon-block\">\n                                <i class=\"icon conexi-icon-happy\"><\/i>\n                            <\/div><!-- \/.icon-block -->\n                            <h3><a href=\"\">Transport personnalis\u00e9<\/a><\/h3>\n                            <p>Services adapt\u00e9s aux groupes ou aux clients individuels.<\/p>\n                            <a href=\"\" class=\"more-link\"><\/a>\n                        <\/div><!-- \/.single-feature-one -->\n                    <\/div><!-- \/.col-lg-4 -->\n\t\t\t\t\t\n\t\t\t\t\t\t\t\t\t\t\n                <\/div><!-- \/.row -->\n            <\/div><!-- \/.container -->\n        <\/section><!-- \/.feature-style-one -->\n                   \n                \n\t\t\t\t\t\t<\/div>\n\t\t\t\t<\/div>\n\t\t\t\t\t<\/div>\n\t\t<\/div>\n\t\t\t\t\t<\/div>\n\t\t<\/section>\n\t\t\t\t<\/div>","protected":false},"excerpt":{"rendered":"<p>Taxi en Andorra &#8211; Su Servicio de Confianza 24\/7 En Andorra, contar con un servicio de taxi confiable y eficiente es esencial para moverse con comodidad. Taxi Leandro le ofrece una experiencia personalizada, segura y r\u00e1pida, disponible las 24 horas del d\u00eda, los 7 d\u00edas de la semana. Ya sea que est\u00e9 visitando Andorra por [&hellip;]<\/p>","protected":false},"author":1,"featured_media":0,"parent":0,"menu_order":0,"comment_status":"closed","ping_status":"closed","template":"tpl-default-elementor.php","meta":{"_joinchat":[],"footnotes":""},"class_list":["post-2574","page","type-page","status-publish","hentry"],"yoast_head":"<!-- This site is optimized with the Yoast SEO plugin v26.7 - https:\/\/yoast.com\/wordpress\/plugins\/seo\/ -->\n<title>Taxi Andorra | Servicio 24\/7 en todas las parroquias | Taxi Leandro<\/title>\n<meta name=\"description\" content=\"Taxi Andorra - Reserve su taxi en Andorra con Taxi Leandro. Servicio confiable, r\u00e1pido y disponible 24\/7 en todas las parroquias.\" \/>\n<meta name=\"robots\" content=\"index, follow, max-snippet:-1, max-image-preview:large, max-video-preview:-1\" \/>\n<link rel=\"canonical\" href=\"https:\/\/andorrataxileandro.com\/fr\/taxi-andorra\/\" \/>\n<meta property=\"og:locale\" content=\"fr_FR\" \/>\n<meta property=\"og:type\" content=\"article\" \/>\n<meta property=\"og:title\" content=\"Taxi Andorra | Servicio 24\/7 en todas las parroquias | Taxi Leandro\" \/>\n<meta property=\"og:description\" content=\"Taxi Andorra - Reserve su taxi en Andorra con Taxi Leandro. Servicio confiable, r\u00e1pido y disponible 24\/7 en todas las parroquias.\" \/>\n<meta property=\"og:url\" content=\"https:\/\/andorrataxileandro.com\/fr\/taxi-andorra\/\" \/>\n<meta property=\"og:site_name\" content=\"Taxi Leandro\" \/>\n<meta property=\"article:modified_time\" content=\"2025-02-06T15:38:13+00:00\" \/>\n<meta property=\"og:image\" content=\"http:\/\/andorrataxileandro.com\/wp-content\/uploads\/2022\/05\/introduction-2.png\" \/>\n<meta name=\"twitter:card\" content=\"summary_large_image\" \/>\n<meta name=\"twitter:title\" content=\"Taxi Andorra | Servicio 24\/7 en todas las parroquias | Taxi Leandro\" \/>\n<meta name=\"twitter:description\" content=\"Taxi Andorra - Reserve su taxi en Andorra con Taxi Leandro. Servicio confiable, r\u00e1pido y disponible 24\/7 en todas las parroquias.\" \/>\n<meta name=\"twitter:label1\" content=\"Dur\u00e9e de lecture estim\u00e9e\" \/>\n\t<meta name=\"twitter:data1\" content=\"3 minutes\" \/>\n<script type=\"application\/ld+json\" class=\"yoast-schema-graph\">{\"@context\":\"https:\/\/schema.org\",\"@graph\":[{\"@type\":\"WebPage\",\"@id\":\"https:\/\/andorrataxileandro.com\/taxi-andorra\/\",\"url\":\"https:\/\/andorrataxileandro.com\/taxi-andorra\/\",\"name\":\"Taxi Andorra | Servicio 24\/7 en todas las parroquias | Taxi Leandro\",\"isPartOf\":{\"@id\":\"https:\/\/andorrataxileandro.com\/#website\"},\"primaryImageOfPage\":{\"@id\":\"https:\/\/andorrataxileandro.com\/taxi-andorra\/#primaryimage\"},\"image\":{\"@id\":\"https:\/\/andorrataxileandro.com\/taxi-andorra\/#primaryimage\"},\"thumbnailUrl\":\"http:\/\/andorrataxileandro.com\/wp-content\/uploads\/2022\/05\/introduction-2.png\",\"datePublished\":\"2025-02-06T15:14:55+00:00\",\"dateModified\":\"2025-02-06T15:38:13+00:00\",\"description\":\"Taxi Andorra - Reserve su taxi en Andorra con Taxi Leandro. Servicio confiable, r\u00e1pido y disponible 24\/7 en todas las parroquias.\",\"breadcrumb\":{\"@id\":\"https:\/\/andorrataxileandro.com\/taxi-andorra\/#breadcrumb\"},\"inLanguage\":\"fr-FR\",\"potentialAction\":[{\"@type\":\"ReadAction\",\"target\":[\"https:\/\/andorrataxileandro.com\/taxi-andorra\/\"]}]},{\"@type\":\"ImageObject\",\"inLanguage\":\"fr-FR\",\"@id\":\"https:\/\/andorrataxileandro.com\/taxi-andorra\/#primaryimage\",\"url\":\"http:\/\/andorrataxileandro.com\/wp-content\/uploads\/2022\/05\/introduction-2.png\",\"contentUrl\":\"http:\/\/andorrataxileandro.com\/wp-content\/uploads\/2022\/05\/introduction-2.png\"},{\"@type\":\"BreadcrumbList\",\"@id\":\"https:\/\/andorrataxileandro.com\/taxi-andorra\/#breadcrumb\",\"itemListElement\":[{\"@type\":\"ListItem\",\"position\":1,\"name\":\"Portada\",\"item\":\"https:\/\/andorrataxileandro.com\/\"},{\"@type\":\"ListItem\",\"position\":2,\"name\":\"Taxi Andorra\"}]},{\"@type\":\"WebSite\",\"@id\":\"https:\/\/andorrataxileandro.com\/#website\",\"url\":\"https:\/\/andorrataxileandro.com\/\",\"name\":\"Taxi Leandro\",\"description\":\"Taxi en Andorra servicio r\u00e1pido y confiable\",\"potentialAction\":[{\"@type\":\"SearchAction\",\"target\":{\"@type\":\"EntryPoint\",\"urlTemplate\":\"https:\/\/andorrataxileandro.com\/?s={search_term_string}\"},\"query-input\":{\"@type\":\"PropertyValueSpecification\",\"valueRequired\":true,\"valueName\":\"search_term_string\"}}],\"inLanguage\":\"fr-FR\"}]}<\/script>\n<!-- \/ Yoast SEO plugin. -->","yoast_head_json":{"title":"Taxi Andorra | Servicio 24\/7 en todas las parroquias | Taxi Leandro","description":"Taxi Andorra - Reserve su taxi en Andorra con Taxi Leandro. Servicio confiable, r\u00e1pido y disponible 24\/7 en todas las parroquias.","robots":{"index":"index","follow":"follow","max-snippet":"max-snippet:-1","max-image-preview":"max-image-preview:large","max-video-preview":"max-video-preview:-1"},"canonical":"https:\/\/andorrataxileandro.com\/fr\/taxi-andorra\/","og_locale":"fr_FR","og_type":"article","og_title":"Taxi Andorra | Servicio 24\/7 en todas las parroquias | Taxi Leandro","og_description":"Taxi Andorra - Reserve su taxi en Andorra con Taxi Leandro. Servicio confiable, r\u00e1pido y disponible 24\/7 en todas las parroquias.","og_url":"https:\/\/andorrataxileandro.com\/fr\/taxi-andorra\/","og_site_name":"Taxi Leandro","article_modified_time":"2025-02-06T15:38:13+00:00","og_image":[{"url":"http:\/\/andorrataxileandro.com\/wp-content\/uploads\/2022\/05\/introduction-2.png","type":"","width":"","height":""}],"twitter_card":"summary_large_image","twitter_title":"Taxi Andorra | Servicio 24\/7 en todas las parroquias | Taxi Leandro","twitter_description":"Taxi Andorra - Reserve su taxi en Andorra con Taxi Leandro. Servicio confiable, r\u00e1pido y disponible 24\/7 en todas las parroquias.","twitter_misc":{"Dur\u00e9e de lecture estim\u00e9e":"3 minutes"},"schema":{"@context":"https:\/\/schema.org","@graph":[{"@type":"WebPage","@id":"https:\/\/andorrataxileandro.com\/taxi-andorra\/","url":"https:\/\/andorrataxileandro.com\/taxi-andorra\/","name":"Taxi Andorra | Servicio 24\/7 en todas las parroquias | Taxi Leandro","isPartOf":{"@id":"https:\/\/andorrataxileandro.com\/#website"},"primaryImageOfPage":{"@id":"https:\/\/andorrataxileandro.com\/taxi-andorra\/#primaryimage"},"image":{"@id":"https:\/\/andorrataxileandro.com\/taxi-andorra\/#primaryimage"},"thumbnailUrl":"http:\/\/andorrataxileandro.com\/wp-content\/uploads\/2022\/05\/introduction-2.png","datePublished":"2025-02-06T15:14:55+00:00","dateModified":"2025-02-06T15:38:13+00:00","description":"Taxi Andorra - Reserve su taxi en Andorra con Taxi Leandro. Servicio confiable, r\u00e1pido y disponible 24\/7 en todas las parroquias.","breadcrumb":{"@id":"https:\/\/andorrataxileandro.com\/taxi-andorra\/#breadcrumb"},"inLanguage":"fr-FR","potentialAction":[{"@type":"ReadAction","target":["https:\/\/andorrataxileandro.com\/taxi-andorra\/"]}]},{"@type":"ImageObject","inLanguage":"fr-FR","@id":"https:\/\/andorrataxileandro.com\/taxi-andorra\/#primaryimage","url":"http:\/\/andorrataxileandro.com\/wp-content\/uploads\/2022\/05\/introduction-2.png","contentUrl":"http:\/\/andorrataxileandro.com\/wp-content\/uploads\/2022\/05\/introduction-2.png"},{"@type":"BreadcrumbList","@id":"https:\/\/andorrataxileandro.com\/taxi-andorra\/#breadcrumb","itemListElement":[{"@type":"ListItem","position":1,"name":"Portada","item":"https:\/\/andorrataxileandro.com\/"},{"@type":"ListItem","position":2,"name":"Taxi Andorra"}]},{"@type":"WebSite","@id":"https:\/\/andorrataxileandro.com\/#website","url":"https:\/\/andorrataxileandro.com\/","name":"Taxi Leandro","description":"Taxi en Andorre service rapide et fiable","potentialAction":[{"@type":"SearchAction","target":{"@type":"EntryPoint","urlTemplate":"https:\/\/andorrataxileandro.com\/?s={search_term_string}"},"query-input":{"@type":"PropertyValueSpecification","valueRequired":true,"valueName":"search_term_string"}}],"inLanguage":"fr-FR"}]}},"_links":{"self":[{"href":"https:\/\/andorrataxileandro.com\/fr\/wp-json\/wp\/v2\/pages\/2574","targetHints":{"allow":["GET"]}}],"collection":[{"href":"https:\/\/andorrataxileandro.com\/fr\/wp-json\/wp\/v2\/pages"}],"about":[{"href":"https:\/\/andorrataxileandro.com\/fr\/wp-json\/wp\/v2\/types\/page"}],"author":[{"embeddable":true,"href":"https:\/\/andorrataxileandro.com\/fr\/wp-json\/wp\/v2\/users\/1"}],"replies":[{"embeddable":true,"href":"https:\/\/andorrataxileandro.com\/fr\/wp-json\/wp\/v2\/comments?post=2574"}],"version-history":[{"count":14,"href":"https:\/\/andorrataxileandro.com\/fr\/wp-json\/wp\/v2\/pages\/2574\/revisions"}],"predecessor-version":[{"id":2588,"href":"https:\/\/andorrataxileandro.com\/fr\/wp-json\/wp\/v2\/pages\/2574\/revisions\/2588"}],"wp:attachment":[{"href":"https:\/\/andorrataxileandro.com\/fr\/wp-json\/wp\/v2\/media?parent=2574"}],"curies":[{"name":"wp","href":"https:\/\/api.w.org\/{rel}","templated":true}]}}