{"id":2246,"date":"2025-01-03T15:31:20","date_gmt":"2025-01-03T14:31:20","guid":{"rendered":"https:\/\/andorrataxileandro.com\/?page_id=2246"},"modified":"2025-01-03T15:36:38","modified_gmt":"2025-01-03T14:36:38","slug":"aviso-legal","status":"publish","type":"page","link":"https:\/\/andorrataxileandro.com\/fr\/aviso-legal\/","title":{"rendered":"Avis juridique"},"content":{"rendered":"<div data-elementor-type=\"wp-page\" data-elementor-id=\"2246\" class=\"elementor elementor-2246\" data-elementor-post-type=\"page\">\n\t\t\t\t<div class=\"elementor-element elementor-element-e885a87 e-flex e-con-boxed e-con e-parent\" data-id=\"e885a87\" data-element_type=\"container\" data-settings=\"{&quot;background_background&quot;:&quot;classic&quot;}\">\n\t\t\t\t\t<div class=\"e-con-inner\">\n\t\t\t\t<div class=\"elementor-element elementor-element-aff1d50 elementor-widget elementor-widget-heading\" data-id=\"aff1d50\" data-element_type=\"widget\" data-widget_type=\"heading.default\">\n\t\t\t\t<div class=\"elementor-widget-container\">\n\t\t\t\t\t<h1 class=\"elementor-heading-title elementor-size-default\">Avis juridique<\/h1>\t\t\t\t<\/div>\n\t\t\t\t<\/div>\n\t\t\t\t\t<\/div>\n\t\t\t\t<\/div>\n\t\t<div class=\"elementor-element elementor-element-c2fb7fd animated-slow e-flex e-con-boxed elementor-invisible e-con e-parent\" data-id=\"c2fb7fd\" data-element_type=\"container\" data-settings=\"{&quot;animation&quot;:&quot;fadeIn&quot;,&quot;animation_delay&quot;:300}\">\n\t\t\t\t\t<div class=\"e-con-inner\">\n\t\t<div class=\"elementor-element elementor-element-03b2fd3 e-con-full e-flex e-con e-child\" data-id=\"03b2fd3\" data-element_type=\"container\">\n\t\t\t\t<div class=\"elementor-element elementor-element-314678a elementor-widget elementor-widget-heading\" data-id=\"314678a\" data-element_type=\"widget\" data-widget_type=\"heading.default\">\n\t\t\t\t<div class=\"elementor-widget-container\">\n\t\t\t\t\t<h1 class=\"elementor-heading-title elementor-size-default\">Avis juridique - Taxi Leandro<\/h1>\t\t\t\t<\/div>\n\t\t\t\t<\/div>\n\t\t\t\t<div class=\"elementor-element elementor-element-9e29eaa elementor-widget elementor-widget-spacer\" data-id=\"9e29eaa\" data-element_type=\"widget\" data-widget_type=\"spacer.default\">\n\t\t\t\t<div class=\"elementor-widget-container\">\n\t\t\t\t\t\t\t<div class=\"elementor-spacer\">\n\t\t\t<div class=\"elementor-spacer-inner\"><\/div>\n\t\t<\/div>\n\t\t\t\t\t\t<\/div>\n\t\t\t\t<\/div>\n\t\t\t\t<div class=\"elementor-element elementor-element-b9dcd94 elementor-widget elementor-widget-text-editor\" data-id=\"b9dcd94\" data-element_type=\"widget\" data-widget_type=\"text-editor.default\">\n\t\t\t\t<div class=\"elementor-widget-container\">\n\t\t\t\t\t\t\t\t\t<p class=\"p1\"><span style=\"color: #000000;\">1.<b>Propri\u00e9t\u00e9 du site web<\/b>:<\/span><\/p><p class=\"p2\"><span style=\"color: #000000;\">Ce site est la propri\u00e9t\u00e9 de Taxi Leandro.<\/span><\/p><p class=\"p1\"><span style=\"color: #000000;\">2.<b>Responsabilit\u00e9<\/b>:<\/span><\/p><p class=\"p2\"><span style=\"color: #000000;\">Taxi Leandro s'efforce d'assurer l'exactitude des informations, mais ne garantit pas la disponibilit\u00e9 permanente du site et ne peut \u00eatre tenu pour responsable d'erreurs involontaires.<\/span><\/p><p class=\"p1\"><span style=\"color: #000000;\">3.<b>Propri\u00e9t\u00e9 intellectuelle<\/b>:<\/span><\/p><p class=\"p2\"><span style=\"color: #000000;\">Tous les textes, images et logos sont la propri\u00e9t\u00e9 de Taxi Leandro et ne peuvent \u00eatre utilis\u00e9s sans autorisation pr\u00e9alable.<\/span><\/p><p class=\"p1\"><span style=\"color: #000000;\">4.<b>Contact<\/b>:<\/span><\/p><p class=\"p2\"><span style=\"color: #000000;\">Pour toute question ou r\u00e9clamation, veuillez nous contacter.<\/span><\/p>\t\t\t\t\t\t\t\t<\/div>\n\t\t\t\t<\/div>\n\t\t\t\t<\/div>\n\t\t\t\t\t<\/div>\n\t\t\t\t<\/div>\n\t\t\t\t<\/div>","protected":false},"excerpt":{"rendered":"<p>Aviso Legal Aviso Legal | Taxi Leandro 1.Titularidad del Sitio Web: Este sitio es propiedad de Taxi Leandro. 2.Responsabilidad: Taxi Leandro se esfuerza por mantener la informaci\u00f3n precisa, pero no garantiza la disponibilidad constante del sitio ni se responsabiliza por errores involuntarios. 3.Propiedad Intelectual: Todos los textos, im\u00e1genes y logotipos son propiedad de Taxi Leandro [&hellip;]<\/p>","protected":false},"author":1,"featured_media":0,"parent":0,"menu_order":0,"comment_status":"closed","ping_status":"closed","template":"tpl-default-elementor.php","meta":{"_joinchat":[],"footnotes":""},"class_list":["post-2246","page","type-page","status-publish","hentry"],"yoast_head":"<!-- This site is optimized with the Yoast SEO plugin v26.7 - https:\/\/yoast.com\/wordpress\/plugins\/seo\/ -->\n<title>Aviso Legal - Taxi Leandro<\/title>\n<meta name=\"robots\" content=\"index, follow, max-snippet:-1, max-image-preview:large, max-video-preview:-1\" \/>\n<link rel=\"canonical\" href=\"https:\/\/andorrataxileandro.com\/fr\/aviso-legal\/\" \/>\n<meta property=\"og:locale\" content=\"fr_FR\" \/>\n<meta property=\"og:type\" content=\"article\" \/>\n<meta property=\"og:title\" content=\"Aviso Legal - Taxi Leandro\" \/>\n<meta property=\"og:description\" content=\"Aviso Legal Aviso Legal | Taxi Leandro 1.Titularidad del Sitio Web: Este sitio es propiedad de Taxi Leandro. 2.Responsabilidad: Taxi Leandro se esfuerza por mantener la informaci\u00f3n precisa, pero no garantiza la disponibilidad constante del sitio ni se responsabiliza por errores involuntarios. 3.Propiedad Intelectual: Todos los textos, im\u00e1genes y logotipos son propiedad de Taxi Leandro [&hellip;]\" \/>\n<meta property=\"og:url\" content=\"https:\/\/andorrataxileandro.com\/fr\/aviso-legal\/\" \/>\n<meta property=\"og:site_name\" content=\"Taxi Leandro\" \/>\n<meta property=\"article:modified_time\" content=\"2025-01-03T14:36:38+00:00\" \/>\n<meta name=\"twitter:card\" content=\"summary_large_image\" \/>\n<script type=\"application\/ld+json\" class=\"yoast-schema-graph\">{\"@context\":\"https:\/\/schema.org\",\"@graph\":[{\"@type\":\"WebPage\",\"@id\":\"https:\/\/andorrataxileandro.com\/aviso-legal\/\",\"url\":\"https:\/\/andorrataxileandro.com\/aviso-legal\/\",\"name\":\"Aviso Legal - Taxi Leandro\",\"isPartOf\":{\"@id\":\"https:\/\/andorrataxileandro.com\/#website\"},\"datePublished\":\"2025-01-03T14:31:20+00:00\",\"dateModified\":\"2025-01-03T14:36:38+00:00\",\"breadcrumb\":{\"@id\":\"https:\/\/andorrataxileandro.com\/aviso-legal\/#breadcrumb\"},\"inLanguage\":\"fr-FR\",\"potentialAction\":[{\"@type\":\"ReadAction\",\"target\":[\"https:\/\/andorrataxileandro.com\/aviso-legal\/\"]}]},{\"@type\":\"BreadcrumbList\",\"@id\":\"https:\/\/andorrataxileandro.com\/aviso-legal\/#breadcrumb\",\"itemListElement\":[{\"@type\":\"ListItem\",\"position\":1,\"name\":\"Portada\",\"item\":\"https:\/\/andorrataxileandro.com\/\"},{\"@type\":\"ListItem\",\"position\":2,\"name\":\"Aviso Legal\"}]},{\"@type\":\"WebSite\",\"@id\":\"https:\/\/andorrataxileandro.com\/#website\",\"url\":\"https:\/\/andorrataxileandro.com\/\",\"name\":\"Taxi Leandro\",\"description\":\"Taxi en Andorra servicio r\u00e1pido y confiable\",\"potentialAction\":[{\"@type\":\"SearchAction\",\"target\":{\"@type\":\"EntryPoint\",\"urlTemplate\":\"https:\/\/andorrataxileandro.com\/?s={search_term_string}\"},\"query-input\":{\"@type\":\"PropertyValueSpecification\",\"valueRequired\":true,\"valueName\":\"search_term_string\"}}],\"inLanguage\":\"fr-FR\"}]}<\/script>\n<!-- \/ Yoast SEO plugin. -->","yoast_head_json":{"title":"Aviso Legal - Taxi Leandro","robots":{"index":"index","follow":"follow","max-snippet":"max-snippet:-1","max-image-preview":"max-image-preview:large","max-video-preview":"max-video-preview:-1"},"canonical":"https:\/\/andorrataxileandro.com\/fr\/aviso-legal\/","og_locale":"fr_FR","og_type":"article","og_title":"Aviso Legal - Taxi Leandro","og_description":"Aviso Legal Aviso Legal | Taxi Leandro 1.Titularidad del Sitio Web: Este sitio es propiedad de Taxi Leandro. 2.Responsabilidad: Taxi Leandro se esfuerza por mantener la informaci\u00f3n precisa, pero no garantiza la disponibilidad constante del sitio ni se responsabiliza por errores involuntarios. 3.Propiedad Intelectual: Todos los textos, im\u00e1genes y logotipos son propiedad de Taxi Leandro [&hellip;]","og_url":"https:\/\/andorrataxileandro.com\/fr\/aviso-legal\/","og_site_name":"Taxi Leandro","article_modified_time":"2025-01-03T14:36:38+00:00","twitter_card":"summary_large_image","schema":{"@context":"https:\/\/schema.org","@graph":[{"@type":"WebPage","@id":"https:\/\/andorrataxileandro.com\/aviso-legal\/","url":"https:\/\/andorrataxileandro.com\/aviso-legal\/","name":"Aviso Legal - Taxi Leandro","isPartOf":{"@id":"https:\/\/andorrataxileandro.com\/#website"},"datePublished":"2025-01-03T14:31:20+00:00","dateModified":"2025-01-03T14:36:38+00:00","breadcrumb":{"@id":"https:\/\/andorrataxileandro.com\/aviso-legal\/#breadcrumb"},"inLanguage":"fr-FR","potentialAction":[{"@type":"ReadAction","target":["https:\/\/andorrataxileandro.com\/aviso-legal\/"]}]},{"@type":"BreadcrumbList","@id":"https:\/\/andorrataxileandro.com\/aviso-legal\/#breadcrumb","itemListElement":[{"@type":"ListItem","position":1,"name":"Portada","item":"https:\/\/andorrataxileandro.com\/"},{"@type":"ListItem","position":2,"name":"Aviso Legal"}]},{"@type":"WebSite","@id":"https:\/\/andorrataxileandro.com\/#website","url":"https:\/\/andorrataxileandro.com\/","name":"Taxi Leandro","description":"Taxi en Andorre service rapide et fiable","potentialAction":[{"@type":"SearchAction","target":{"@type":"EntryPoint","urlTemplate":"https:\/\/andorrataxileandro.com\/?s={search_term_string}"},"query-input":{"@type":"PropertyValueSpecification","valueRequired":true,"valueName":"search_term_string"}}],"inLanguage":"fr-FR"}]}},"_links":{"self":[{"href":"https:\/\/andorrataxileandro.com\/fr\/wp-json\/wp\/v2\/pages\/2246","targetHints":{"allow":["GET"]}}],"collection":[{"href":"https:\/\/andorrataxileandro.com\/fr\/wp-json\/wp\/v2\/pages"}],"about":[{"href":"https:\/\/andorrataxileandro.com\/fr\/wp-json\/wp\/v2\/types\/page"}],"author":[{"embeddable":true,"href":"https:\/\/andorrataxileandro.com\/fr\/wp-json\/wp\/v2\/users\/1"}],"replies":[{"embeddable":true,"href":"https:\/\/andorrataxileandro.com\/fr\/wp-json\/wp\/v2\/comments?post=2246"}],"version-history":[{"count":6,"href":"https:\/\/andorrataxileandro.com\/fr\/wp-json\/wp\/v2\/pages\/2246\/revisions"}],"predecessor-version":[{"id":2261,"href":"https:\/\/andorrataxileandro.com\/fr\/wp-json\/wp\/v2\/pages\/2246\/revisions\/2261"}],"wp:attachment":[{"href":"https:\/\/andorrataxileandro.com\/fr\/wp-json\/wp\/v2\/media?parent=2246"}],"curies":[{"name":"wp","href":"https:\/\/api.w.org\/{rel}","templated":true}]}}