{"id":2235,"date":"2025-01-03T15:19:47","date_gmt":"2025-01-03T14:19:47","guid":{"rendered":"https:\/\/andorrataxileandro.com\/?page_id=2235"},"modified":"2025-01-03T15:35:14","modified_gmt":"2025-01-03T14:35:14","slug":"politica-de-privacidad","status":"publish","type":"page","link":"https:\/\/andorrataxileandro.com\/fr\/politica-de-privacidad\/","title":{"rendered":"Politique de confidentialit\u00e9"},"content":{"rendered":"<div data-elementor-type=\"wp-page\" data-elementor-id=\"2235\" class=\"elementor elementor-2235\" data-elementor-post-type=\"page\">\n\t\t\t\t<div class=\"elementor-element elementor-element-e885a87 e-flex e-con-boxed e-con e-parent\" data-id=\"e885a87\" data-element_type=\"container\" data-settings=\"{&quot;background_background&quot;:&quot;classic&quot;}\">\n\t\t\t\t\t<div class=\"e-con-inner\">\n\t\t\t\t<div class=\"elementor-element elementor-element-aff1d50 elementor-widget elementor-widget-heading\" data-id=\"aff1d50\" data-element_type=\"widget\" data-widget_type=\"heading.default\">\n\t\t\t\t<div class=\"elementor-widget-container\">\n\t\t\t\t\t<h1 class=\"elementor-heading-title elementor-size-default\">Politique de confidentialit\u00e9<\/h1>\t\t\t\t<\/div>\n\t\t\t\t<\/div>\n\t\t\t\t\t<\/div>\n\t\t\t\t<\/div>\n\t\t<div class=\"elementor-element elementor-element-c2fb7fd animated-slow e-flex e-con-boxed elementor-invisible e-con e-parent\" data-id=\"c2fb7fd\" data-element_type=\"container\" data-settings=\"{&quot;animation&quot;:&quot;fadeIn&quot;,&quot;animation_delay&quot;:300}\">\n\t\t\t\t\t<div class=\"e-con-inner\">\n\t\t<div class=\"elementor-element elementor-element-03b2fd3 e-con-full e-flex e-con e-child\" data-id=\"03b2fd3\" data-element_type=\"container\">\n\t\t\t\t<div class=\"elementor-element elementor-element-314678a elementor-widget elementor-widget-heading\" data-id=\"314678a\" data-element_type=\"widget\" data-widget_type=\"heading.default\">\n\t\t\t\t<div class=\"elementor-widget-container\">\n\t\t\t\t\t<h1 class=\"elementor-heading-title elementor-size-default\">Politique de confidentialit\u00e9 | Taxi Leandro<\/h1>\t\t\t\t<\/div>\n\t\t\t\t<\/div>\n\t\t\t\t<div class=\"elementor-element elementor-element-9e29eaa elementor-widget elementor-widget-spacer\" data-id=\"9e29eaa\" data-element_type=\"widget\" data-widget_type=\"spacer.default\">\n\t\t\t\t<div class=\"elementor-widget-container\">\n\t\t\t\t\t\t\t<div class=\"elementor-spacer\">\n\t\t\t<div class=\"elementor-spacer-inner\"><\/div>\n\t\t<\/div>\n\t\t\t\t\t\t<\/div>\n\t\t\t\t<\/div>\n\t\t\t\t<div class=\"elementor-element elementor-element-b9dcd94 elementor-widget elementor-widget-text-editor\" data-id=\"b9dcd94\" data-element_type=\"widget\" data-widget_type=\"text-editor.default\">\n\t\t\t\t<div class=\"elementor-widget-container\">\n\t\t\t\t\t\t\t\t\t<p class=\"p1\"><span style=\"color: #000000;\">Chez Taxi Leandro, nous accordons de l'importance \u00e0 votre vie priv\u00e9e et nous nous engageons \u00e0 prot\u00e9ger vos donn\u00e9es personnelles conform\u00e9ment au r\u00e8glement g\u00e9n\u00e9ral sur la protection des donn\u00e9es (RGPD).<\/span><\/p><p class=\"p2\"><span style=\"color: #000000;\">1.<b>Contr\u00f4leur des donn\u00e9es<\/b>:<\/span><\/p><p class=\"p1\"><span style=\"color: #000000;\">Leandro Taxi.<\/span><\/p><p class=\"p2\"><span style=\"color: #000000;\">2.<b>Donn\u00e9es collect\u00e9es<\/b>:<\/span><\/p><p class=\"p1\"><span style=\"color: #000000;\">Nom, adresse \u00e9lectronique, t\u00e9l\u00e9phone, lieu et d\u00e9tails du service demand\u00e9.<\/span><\/p><p class=\"p2\"><span style=\"color: #000000;\">3.<b>Finalit\u00e9 du traitement<\/b>:<\/span><\/p><p class=\"p3\"><span style=\"color: #000000;\">-G\u00e9rer les r\u00e9servations et les demandes.<\/span><\/p><p class=\"p3\"><span style=\"color: #000000;\">-Envoyer des confirmations et des communications relatives aux services.<\/span><\/p><p class=\"p2\"><span style=\"color: #000000;\">4.<b>Base juridique<\/b>:<\/span><\/p><p class=\"p1\"><span style=\"color: #000000;\">Consentement explicite fourni lors de l'envoi du formulaire ou de l'utilisation de WhatsApp.<\/span><\/p><p class=\"p2\"><span style=\"color: #000000;\">5.<b>Droits de l'utilisateur<\/b>:<\/span><\/p><p class=\"p1\"><span style=\"color: #000000;\">Acc\u00e8s, rectification, suppression, portabilit\u00e9 et opposition.<\/span><\/p><p class=\"p1\"><span style=\"color: #000000;\">Contacter Taxi Leandro.<\/span><\/p><p class=\"p2\"><span style=\"color: #000000;\">6.<b>Temps de conservation<\/b>:<\/span><\/p><p class=\"p1\"><span style=\"color: #000000;\">Les donn\u00e9es seront conserv\u00e9es aussi longtemps que n\u00e9cessaire aux fins indiqu\u00e9es.<\/span><\/p><p class=\"p2\"><span style=\"color: #000000;\">7.<b>Recours \u00e0 des tiers<\/b>:<\/span><\/p><p class=\"p1\"><span style=\"color: #000000;\">WhatsApp Business et les plateformes de messagerie, en conformit\u00e9 avec le GDPR.<\/span><\/p>\t\t\t\t\t\t\t\t<\/div>\n\t\t\t\t<\/div>\n\t\t\t\t<\/div>\n\t\t\t\t\t<\/div>\n\t\t\t\t<\/div>\n\t\t\t\t<\/div>","protected":false},"excerpt":{"rendered":"<p>Pol\u00edtica de Privacidad Pol\u00edtica de Privacidad | Taxi Leandro En Taxi Leandro, valoramos su privacidad y nos comprometemos a proteger sus datos personales conforme al Reglamento General de Protecci\u00f3n de Datos (RGPD). 1.Responsable del Tratamiento: Taxi Leandro. 2.Datos Recopilados: Nombre, email, tel\u00e9fono, ubicaci\u00f3n y detalles del servicio solicitado. 3.Finalidad del Tratamiento: \u2022Gestionar reservas y solicitudes. [&hellip;]<\/p>","protected":false},"author":1,"featured_media":0,"parent":0,"menu_order":0,"comment_status":"closed","ping_status":"closed","template":"tpl-default-elementor.php","meta":{"_joinchat":[],"footnotes":""},"class_list":["post-2235","page","type-page","status-publish","hentry"],"yoast_head":"<!-- This site is optimized with the Yoast SEO plugin v26.7 - https:\/\/yoast.com\/wordpress\/plugins\/seo\/ -->\n<title>Pol\u00edtica de Privacidad - Taxi Leandro<\/title>\n<meta name=\"robots\" content=\"index, follow, max-snippet:-1, max-image-preview:large, max-video-preview:-1\" \/>\n<link rel=\"canonical\" href=\"https:\/\/andorrataxileandro.com\/fr\/politica-de-privacidad\/\" \/>\n<meta property=\"og:locale\" content=\"fr_FR\" \/>\n<meta property=\"og:type\" content=\"article\" \/>\n<meta property=\"og:title\" content=\"Pol\u00edtica de Privacidad - Taxi Leandro\" \/>\n<meta property=\"og:description\" content=\"Pol\u00edtica de Privacidad Pol\u00edtica de Privacidad | Taxi Leandro En Taxi Leandro, valoramos su privacidad y nos comprometemos a proteger sus datos personales conforme al Reglamento General de Protecci\u00f3n de Datos (RGPD). 1.Responsable del Tratamiento: Taxi Leandro. 2.Datos Recopilados: Nombre, email, tel\u00e9fono, ubicaci\u00f3n y detalles del servicio solicitado. 3.Finalidad del Tratamiento: \u2022Gestionar reservas y solicitudes. [&hellip;]\" \/>\n<meta property=\"og:url\" content=\"https:\/\/andorrataxileandro.com\/fr\/politica-de-privacidad\/\" \/>\n<meta property=\"og:site_name\" content=\"Taxi Leandro\" \/>\n<meta property=\"article:modified_time\" content=\"2025-01-03T14:35:14+00:00\" \/>\n<meta name=\"twitter:card\" content=\"summary_large_image\" \/>\n<meta name=\"twitter:label1\" content=\"Dur\u00e9e de lecture estim\u00e9e\" \/>\n\t<meta name=\"twitter:data1\" content=\"1 minute\" \/>\n<script type=\"application\/ld+json\" class=\"yoast-schema-graph\">{\"@context\":\"https:\/\/schema.org\",\"@graph\":[{\"@type\":\"WebPage\",\"@id\":\"https:\/\/andorrataxileandro.com\/politica-de-privacidad\/\",\"url\":\"https:\/\/andorrataxileandro.com\/politica-de-privacidad\/\",\"name\":\"Pol\u00edtica de Privacidad - Taxi Leandro\",\"isPartOf\":{\"@id\":\"https:\/\/andorrataxileandro.com\/#website\"},\"datePublished\":\"2025-01-03T14:19:47+00:00\",\"dateModified\":\"2025-01-03T14:35:14+00:00\",\"breadcrumb\":{\"@id\":\"https:\/\/andorrataxileandro.com\/politica-de-privacidad\/#breadcrumb\"},\"inLanguage\":\"fr-FR\",\"potentialAction\":[{\"@type\":\"ReadAction\",\"target\":[\"https:\/\/andorrataxileandro.com\/politica-de-privacidad\/\"]}]},{\"@type\":\"BreadcrumbList\",\"@id\":\"https:\/\/andorrataxileandro.com\/politica-de-privacidad\/#breadcrumb\",\"itemListElement\":[{\"@type\":\"ListItem\",\"position\":1,\"name\":\"Portada\",\"item\":\"https:\/\/andorrataxileandro.com\/\"},{\"@type\":\"ListItem\",\"position\":2,\"name\":\"Pol\u00edtica de Privacidad\"}]},{\"@type\":\"WebSite\",\"@id\":\"https:\/\/andorrataxileandro.com\/#website\",\"url\":\"https:\/\/andorrataxileandro.com\/\",\"name\":\"Taxi Leandro\",\"description\":\"Taxi en Andorra servicio r\u00e1pido y confiable\",\"potentialAction\":[{\"@type\":\"SearchAction\",\"target\":{\"@type\":\"EntryPoint\",\"urlTemplate\":\"https:\/\/andorrataxileandro.com\/?s={search_term_string}\"},\"query-input\":{\"@type\":\"PropertyValueSpecification\",\"valueRequired\":true,\"valueName\":\"search_term_string\"}}],\"inLanguage\":\"fr-FR\"}]}<\/script>\n<!-- \/ Yoast SEO plugin. -->","yoast_head_json":{"title":"Pol\u00edtica de Privacidad - Taxi Leandro","robots":{"index":"index","follow":"follow","max-snippet":"max-snippet:-1","max-image-preview":"max-image-preview:large","max-video-preview":"max-video-preview:-1"},"canonical":"https:\/\/andorrataxileandro.com\/fr\/politica-de-privacidad\/","og_locale":"fr_FR","og_type":"article","og_title":"Pol\u00edtica de Privacidad - Taxi Leandro","og_description":"Pol\u00edtica de Privacidad Pol\u00edtica de Privacidad | Taxi Leandro En Taxi Leandro, valoramos su privacidad y nos comprometemos a proteger sus datos personales conforme al Reglamento General de Protecci\u00f3n de Datos (RGPD). 1.Responsable del Tratamiento: Taxi Leandro. 2.Datos Recopilados: Nombre, email, tel\u00e9fono, ubicaci\u00f3n y detalles del servicio solicitado. 3.Finalidad del Tratamiento: \u2022Gestionar reservas y solicitudes. [&hellip;]","og_url":"https:\/\/andorrataxileandro.com\/fr\/politica-de-privacidad\/","og_site_name":"Taxi Leandro","article_modified_time":"2025-01-03T14:35:14+00:00","twitter_card":"summary_large_image","twitter_misc":{"Dur\u00e9e de lecture estim\u00e9e":"1 minute"},"schema":{"@context":"https:\/\/schema.org","@graph":[{"@type":"WebPage","@id":"https:\/\/andorrataxileandro.com\/politica-de-privacidad\/","url":"https:\/\/andorrataxileandro.com\/politica-de-privacidad\/","name":"Pol\u00edtica de Privacidad - Taxi Leandro","isPartOf":{"@id":"https:\/\/andorrataxileandro.com\/#website"},"datePublished":"2025-01-03T14:19:47+00:00","dateModified":"2025-01-03T14:35:14+00:00","breadcrumb":{"@id":"https:\/\/andorrataxileandro.com\/politica-de-privacidad\/#breadcrumb"},"inLanguage":"fr-FR","potentialAction":[{"@type":"ReadAction","target":["https:\/\/andorrataxileandro.com\/politica-de-privacidad\/"]}]},{"@type":"BreadcrumbList","@id":"https:\/\/andorrataxileandro.com\/politica-de-privacidad\/#breadcrumb","itemListElement":[{"@type":"ListItem","position":1,"name":"Portada","item":"https:\/\/andorrataxileandro.com\/"},{"@type":"ListItem","position":2,"name":"Pol\u00edtica de Privacidad"}]},{"@type":"WebSite","@id":"https:\/\/andorrataxileandro.com\/#website","url":"https:\/\/andorrataxileandro.com\/","name":"Taxi Leandro","description":"Taxi en Andorre service rapide et fiable","potentialAction":[{"@type":"SearchAction","target":{"@type":"EntryPoint","urlTemplate":"https:\/\/andorrataxileandro.com\/?s={search_term_string}"},"query-input":{"@type":"PropertyValueSpecification","valueRequired":true,"valueName":"search_term_string"}}],"inLanguage":"fr-FR"}]}},"_links":{"self":[{"href":"https:\/\/andorrataxileandro.com\/fr\/wp-json\/wp\/v2\/pages\/2235","targetHints":{"allow":["GET"]}}],"collection":[{"href":"https:\/\/andorrataxileandro.com\/fr\/wp-json\/wp\/v2\/pages"}],"about":[{"href":"https:\/\/andorrataxileandro.com\/fr\/wp-json\/wp\/v2\/types\/page"}],"author":[{"embeddable":true,"href":"https:\/\/andorrataxileandro.com\/fr\/wp-json\/wp\/v2\/users\/1"}],"replies":[{"embeddable":true,"href":"https:\/\/andorrataxileandro.com\/fr\/wp-json\/wp\/v2\/comments?post=2235"}],"version-history":[{"count":9,"href":"https:\/\/andorrataxileandro.com\/fr\/wp-json\/wp\/v2\/pages\/2235\/revisions"}],"predecessor-version":[{"id":2255,"href":"https:\/\/andorrataxileandro.com\/fr\/wp-json\/wp\/v2\/pages\/2235\/revisions\/2255"}],"wp:attachment":[{"href":"https:\/\/andorrataxileandro.com\/fr\/wp-json\/wp\/v2\/media?parent=2235"}],"curies":[{"name":"wp","href":"https:\/\/api.w.org\/{rel}","templated":true}]}}