{"id":2235,"date":"2025-01-03T15:19:47","date_gmt":"2025-01-03T14:19:47","guid":{"rendered":"https:\/\/andorrataxileandro.com\/?page_id=2235"},"modified":"2025-01-03T15:35:14","modified_gmt":"2025-01-03T14:35:14","slug":"politica-de-privacidad","status":"publish","type":"page","link":"https:\/\/andorrataxileandro.com\/ca\/politica-de-privacidad\/","title":{"rendered":"Pol\u00edtica de Privadesa"},"content":{"rendered":"<div data-elementor-type=\"wp-page\" data-elementor-id=\"2235\" class=\"elementor elementor-2235\" data-elementor-post-type=\"page\">\n\t\t\t\t<div class=\"elementor-element elementor-element-e885a87 e-flex e-con-boxed e-con e-parent\" data-id=\"e885a87\" data-element_type=\"container\" data-settings=\"{&quot;background_background&quot;:&quot;classic&quot;}\">\n\t\t\t\t\t<div class=\"e-con-inner\">\n\t\t\t\t<div class=\"elementor-element elementor-element-aff1d50 elementor-widget elementor-widget-heading\" data-id=\"aff1d50\" data-element_type=\"widget\" data-widget_type=\"heading.default\">\n\t\t\t\t<div class=\"elementor-widget-container\">\n\t\t\t\t\t<h1 class=\"elementor-heading-title elementor-size-default\">Pol\u00edtica de Privadesa<\/h1>\t\t\t\t<\/div>\n\t\t\t\t<\/div>\n\t\t\t\t\t<\/div>\n\t\t\t\t<\/div>\n\t\t<div class=\"elementor-element elementor-element-c2fb7fd animated-slow e-flex e-con-boxed elementor-invisible e-con e-parent\" data-id=\"c2fb7fd\" data-element_type=\"container\" data-settings=\"{&quot;animation&quot;:&quot;fadeIn&quot;,&quot;animation_delay&quot;:300}\">\n\t\t\t\t\t<div class=\"e-con-inner\">\n\t\t<div class=\"elementor-element elementor-element-03b2fd3 e-con-full e-flex e-con e-child\" data-id=\"03b2fd3\" data-element_type=\"container\">\n\t\t\t\t<div class=\"elementor-element elementor-element-314678a elementor-widget elementor-widget-heading\" data-id=\"314678a\" data-element_type=\"widget\" data-widget_type=\"heading.default\">\n\t\t\t\t<div class=\"elementor-widget-container\">\n\t\t\t\t\t<h1 class=\"elementor-heading-title elementor-size-default\">Pol\u00edtica de Privadesa | Taxi Leandro<\/h1>\t\t\t\t<\/div>\n\t\t\t\t<\/div>\n\t\t\t\t<div class=\"elementor-element elementor-element-9e29eaa elementor-widget elementor-widget-spacer\" data-id=\"9e29eaa\" data-element_type=\"widget\" data-widget_type=\"spacer.default\">\n\t\t\t\t<div class=\"elementor-widget-container\">\n\t\t\t\t\t\t\t<div class=\"elementor-spacer\">\n\t\t\t<div class=\"elementor-spacer-inner\"><\/div>\n\t\t<\/div>\n\t\t\t\t\t\t<\/div>\n\t\t\t\t<\/div>\n\t\t\t\t<div class=\"elementor-element elementor-element-b9dcd94 elementor-widget elementor-widget-text-editor\" data-id=\"b9dcd94\" data-element_type=\"widget\" data-widget_type=\"text-editor.default\">\n\t\t\t\t<div class=\"elementor-widget-container\">\n\t\t\t\t\t\t\t\t\t<p class=\"p1\"><span style=\"color: #000000;\">A Taxi Leandro, valorem la seva privadesa i ens comprometem a protegir les seves dades personals conforme al Reglament General de Protecci\u00f3 de Dades (RGPD).<\/span><\/p><p class=\"p2\"><span style=\"color: #000000;\">1.<b>Responsable del Tractament<\/b>:<\/span><\/p><p class=\"p1\"><span style=\"color: #000000;\">Taxi Leandro.<\/span><\/p><p class=\"p2\"><span style=\"color: #000000;\">2.<b>Dades Recopilades<\/b>:<\/span><\/p><p class=\"p1\"><span style=\"color: #000000;\">Nom, email, tel\u00e8fon, ubicaci\u00f3 i detalls del servei sol\u00b7licitat.<\/span><\/p><p class=\"p2\"><span style=\"color: #000000;\">3.<b>Finalitat del Tractament<\/b>:<\/span><\/p><p class=\"p3\"><span style=\"color: #000000;\">\u2022Gestionar reserves i sol\u00b7licituds.<\/span><\/p><p class=\"p3\"><span style=\"color: #000000;\">\u2022Enviar confirmacions i comunicacions relacionades amb els serveis.<\/span><\/p><p class=\"p2\"><span style=\"color: #000000;\">4.<b>Base Legal<\/b>:<\/span><\/p><p class=\"p1\"><span style=\"color: #000000;\">Consentiment expl\u00edcit proporcionat en enviar el formulari o utilitzar WhatsApp.<\/span><\/p><p class=\"p2\"><span style=\"color: #000000;\">5.<b>Drets de l&#039;Usuari<\/b>:<\/span><\/p><p class=\"p1\"><span style=\"color: #000000;\">Acc\u00e9s, rectificaci\u00f3, eliminaci\u00f3, portabilitat i oposici\u00f3.<\/span><\/p><p class=\"p1\"><span style=\"color: #000000;\">Contacti amb Taxi Leandro.<\/span><\/p><p class=\"p2\"><span style=\"color: #000000;\">6.<b>Temps de Conservaci\u00f3<\/b>:<\/span><\/p><p class=\"p1\"><span style=\"color: #000000;\">Les dades seran emmagatzemades mentre sigui necessari per als fins indicats.<\/span><\/p><p class=\"p2\"><span style=\"color: #000000;\">7.<b>\u00das de Tercers<\/b>:<\/span><\/p><p class=\"p1\"><span style=\"color: #000000;\">WhatsApp Business i plataformes de correu electr\u00f2nic, de conformitat amb el RGPD.<\/span><\/p>\t\t\t\t\t\t\t\t<\/div>\n\t\t\t\t<\/div>\n\t\t\t\t<\/div>\n\t\t\t\t\t<\/div>\n\t\t\t\t<\/div>\n\t\t\t\t<\/div>","protected":false},"excerpt":{"rendered":"<p>Pol\u00edtica de Privacidad Pol\u00edtica de Privacidad | Taxi Leandro En Taxi Leandro, valoramos su privacidad y nos comprometemos a proteger sus datos personales conforme al Reglamento General de Protecci\u00f3n de Datos (RGPD). 1.Responsable del Tratamiento: Taxi Leandro. 2.Datos Recopilados: Nombre, email, tel\u00e9fono, ubicaci\u00f3n y detalles del servicio solicitado. 3.Finalidad del Tratamiento: \u2022Gestionar reservas y solicitudes. [&hellip;]<\/p>","protected":false},"author":1,"featured_media":0,"parent":0,"menu_order":0,"comment_status":"closed","ping_status":"closed","template":"tpl-default-elementor.php","meta":{"_joinchat":[],"footnotes":""},"class_list":["post-2235","page","type-page","status-publish","hentry"],"yoast_head":"<!-- This site is optimized with the Yoast SEO plugin v26.7 - https:\/\/yoast.com\/wordpress\/plugins\/seo\/ -->\n<title>Pol\u00edtica de Privacidad - Taxi Leandro<\/title>\n<meta name=\"robots\" content=\"index, follow, max-snippet:-1, max-image-preview:large, max-video-preview:-1\" \/>\n<link rel=\"canonical\" href=\"https:\/\/andorrataxileandro.com\/ca\/politica-de-privacidad\/\" \/>\n<meta property=\"og:locale\" content=\"ca_ES\" \/>\n<meta property=\"og:type\" content=\"article\" \/>\n<meta property=\"og:title\" content=\"Pol\u00edtica de Privacidad - Taxi Leandro\" \/>\n<meta property=\"og:description\" content=\"Pol\u00edtica de Privacidad Pol\u00edtica de Privacidad | Taxi Leandro En Taxi Leandro, valoramos su privacidad y nos comprometemos a proteger sus datos personales conforme al Reglamento General de Protecci\u00f3n de Datos (RGPD). 1.Responsable del Tratamiento: Taxi Leandro. 2.Datos Recopilados: Nombre, email, tel\u00e9fono, ubicaci\u00f3n y detalles del servicio solicitado. 3.Finalidad del Tratamiento: \u2022Gestionar reservas y solicitudes. [&hellip;]\" \/>\n<meta property=\"og:url\" content=\"https:\/\/andorrataxileandro.com\/ca\/politica-de-privacidad\/\" \/>\n<meta property=\"og:site_name\" content=\"Taxi Leandro\" \/>\n<meta property=\"article:modified_time\" content=\"2025-01-03T14:35:14+00:00\" \/>\n<meta name=\"twitter:card\" content=\"summary_large_image\" \/>\n<meta name=\"twitter:label1\" content=\"Temps estimat de lectura\" \/>\n\t<meta name=\"twitter:data1\" content=\"1 minut\" \/>\n<script type=\"application\/ld+json\" class=\"yoast-schema-graph\">{\"@context\":\"https:\/\/schema.org\",\"@graph\":[{\"@type\":\"WebPage\",\"@id\":\"https:\/\/andorrataxileandro.com\/politica-de-privacidad\/\",\"url\":\"https:\/\/andorrataxileandro.com\/politica-de-privacidad\/\",\"name\":\"Pol\u00edtica de Privacidad - Taxi Leandro\",\"isPartOf\":{\"@id\":\"https:\/\/andorrataxileandro.com\/#website\"},\"datePublished\":\"2025-01-03T14:19:47+00:00\",\"dateModified\":\"2025-01-03T14:35:14+00:00\",\"breadcrumb\":{\"@id\":\"https:\/\/andorrataxileandro.com\/politica-de-privacidad\/#breadcrumb\"},\"inLanguage\":\"ca\",\"potentialAction\":[{\"@type\":\"ReadAction\",\"target\":[\"https:\/\/andorrataxileandro.com\/politica-de-privacidad\/\"]}]},{\"@type\":\"BreadcrumbList\",\"@id\":\"https:\/\/andorrataxileandro.com\/politica-de-privacidad\/#breadcrumb\",\"itemListElement\":[{\"@type\":\"ListItem\",\"position\":1,\"name\":\"Portada\",\"item\":\"https:\/\/andorrataxileandro.com\/\"},{\"@type\":\"ListItem\",\"position\":2,\"name\":\"Pol\u00edtica de Privacidad\"}]},{\"@type\":\"WebSite\",\"@id\":\"https:\/\/andorrataxileandro.com\/#website\",\"url\":\"https:\/\/andorrataxileandro.com\/\",\"name\":\"Taxi Leandro\",\"description\":\"Taxi en Andorra servicio r\u00e1pido y confiable\",\"potentialAction\":[{\"@type\":\"SearchAction\",\"target\":{\"@type\":\"EntryPoint\",\"urlTemplate\":\"https:\/\/andorrataxileandro.com\/?s={search_term_string}\"},\"query-input\":{\"@type\":\"PropertyValueSpecification\",\"valueRequired\":true,\"valueName\":\"search_term_string\"}}],\"inLanguage\":\"ca\"}]}<\/script>\n<!-- \/ Yoast SEO plugin. -->","yoast_head_json":{"title":"Pol\u00edtica de Privacidad - Taxi Leandro","robots":{"index":"index","follow":"follow","max-snippet":"max-snippet:-1","max-image-preview":"max-image-preview:large","max-video-preview":"max-video-preview:-1"},"canonical":"https:\/\/andorrataxileandro.com\/ca\/politica-de-privacidad\/","og_locale":"ca_ES","og_type":"article","og_title":"Pol\u00edtica de Privacidad - Taxi Leandro","og_description":"Pol\u00edtica de Privacidad Pol\u00edtica de Privacidad | Taxi Leandro En Taxi Leandro, valoramos su privacidad y nos comprometemos a proteger sus datos personales conforme al Reglamento General de Protecci\u00f3n de Datos (RGPD). 1.Responsable del Tratamiento: Taxi Leandro. 2.Datos Recopilados: Nombre, email, tel\u00e9fono, ubicaci\u00f3n y detalles del servicio solicitado. 3.Finalidad del Tratamiento: \u2022Gestionar reservas y solicitudes. [&hellip;]","og_url":"https:\/\/andorrataxileandro.com\/ca\/politica-de-privacidad\/","og_site_name":"Taxi Leandro","article_modified_time":"2025-01-03T14:35:14+00:00","twitter_card":"summary_large_image","twitter_misc":{"Temps estimat de lectura":"1 minut"},"schema":{"@context":"https:\/\/schema.org","@graph":[{"@type":"WebPage","@id":"https:\/\/andorrataxileandro.com\/politica-de-privacidad\/","url":"https:\/\/andorrataxileandro.com\/politica-de-privacidad\/","name":"Pol\u00edtica de Privacidad - Taxi Leandro","isPartOf":{"@id":"https:\/\/andorrataxileandro.com\/#website"},"datePublished":"2025-01-03T14:19:47+00:00","dateModified":"2025-01-03T14:35:14+00:00","breadcrumb":{"@id":"https:\/\/andorrataxileandro.com\/politica-de-privacidad\/#breadcrumb"},"inLanguage":"ca","potentialAction":[{"@type":"ReadAction","target":["https:\/\/andorrataxileandro.com\/politica-de-privacidad\/"]}]},{"@type":"BreadcrumbList","@id":"https:\/\/andorrataxileandro.com\/politica-de-privacidad\/#breadcrumb","itemListElement":[{"@type":"ListItem","position":1,"name":"Portada","item":"https:\/\/andorrataxileandro.com\/"},{"@type":"ListItem","position":2,"name":"Pol\u00edtica de Privacidad"}]},{"@type":"WebSite","@id":"https:\/\/andorrataxileandro.com\/#website","url":"https:\/\/andorrataxileandro.com\/","name":"Taxi Leandro","description":"Taxi a Andorra servei r\u00e0pid i fiable","potentialAction":[{"@type":"SearchAction","target":{"@type":"EntryPoint","urlTemplate":"https:\/\/andorrataxileandro.com\/?s={search_term_string}"},"query-input":{"@type":"PropertyValueSpecification","valueRequired":true,"valueName":"search_term_string"}}],"inLanguage":"ca"}]}},"_links":{"self":[{"href":"https:\/\/andorrataxileandro.com\/ca\/wp-json\/wp\/v2\/pages\/2235","targetHints":{"allow":["GET"]}}],"collection":[{"href":"https:\/\/andorrataxileandro.com\/ca\/wp-json\/wp\/v2\/pages"}],"about":[{"href":"https:\/\/andorrataxileandro.com\/ca\/wp-json\/wp\/v2\/types\/page"}],"author":[{"embeddable":true,"href":"https:\/\/andorrataxileandro.com\/ca\/wp-json\/wp\/v2\/users\/1"}],"replies":[{"embeddable":true,"href":"https:\/\/andorrataxileandro.com\/ca\/wp-json\/wp\/v2\/comments?post=2235"}],"version-history":[{"count":9,"href":"https:\/\/andorrataxileandro.com\/ca\/wp-json\/wp\/v2\/pages\/2235\/revisions"}],"predecessor-version":[{"id":2255,"href":"https:\/\/andorrataxileandro.com\/ca\/wp-json\/wp\/v2\/pages\/2235\/revisions\/2255"}],"wp:attachment":[{"href":"https:\/\/andorrataxileandro.com\/ca\/wp-json\/wp\/v2\/media?parent=2235"}],"curies":[{"name":"wp","href":"https:\/\/api.w.org\/{rel}","templated":true}]}}